{"id":4493,"date":"2023-09-06T10:47:45","date_gmt":"2023-09-06T10:47:45","guid":{"rendered":"https:\/\/toskani.com\/ch\/product\/retin-pro-age-advanced-serum\/"},"modified":"2024-01-02T08:18:15","modified_gmt":"2024-01-02T08:18:15","slug":"retin-pro-age-advanced-serum","status":"publish","type":"product","link":"https:\/\/toskani.com\/ch\/fr\/produit\/retin-pro-age-advanced-serum\/","title":{"rendered":"Retin Pro Age Advanced Serum"},"content":{"rendered":"<p>S\u00e9rum l\u00e9ger et doux qui procure une sensation nourrissante apr\u00e8s l&#8217;application. Compos\u00e9 d&#8217;un complexe de r\u00e9tinol v\u00e9g\u00e9tal et de r\u00e9tinald\u00e9hyde liposom\u00e9 au grand pouvoir raffermissant et anti-rides.<\/p>\n","protected":false},"excerpt":{"rendered":"<p>S\u00e9rum l\u00e9ger et doux qui procure une sensation nourrissante apr\u00e8s l&#8217;application. Compos\u00e9 d&#8217;un complexe de r\u00e9tinol v\u00e9g\u00e9tal et de r\u00e9tinald\u00e9hyde liposom\u00e9 au grand pouvoir raffermissant et anti-rides.<\/p>\n","protected":false},"featured_media":4494,"template":"","meta":[],"product_cat":[123,124,125],"product_tag":[],"class_list":["post-4493","product","type-product","status-publish","has-post-thumbnail","hentry","product_cat-antiedad-fr","product_cat-facial-fr","product_cat-serums-fr"],"acf":[],"aioseo_notices":[],"_links":{"self":[{"href":"https:\/\/toskani.com\/ch\/fr\/wp-json\/wp\/v2\/product\/4493","targetHints":{"allow":["GET"]}}],"collection":[{"href":"https:\/\/toskani.com\/ch\/fr\/wp-json\/wp\/v2\/product"}],"about":[{"href":"https:\/\/toskani.com\/ch\/fr\/wp-json\/wp\/v2\/types\/product"}],"wp:featuredmedia":[{"embeddable":true,"href":"https:\/\/toskani.com\/ch\/fr\/wp-json\/wp\/v2\/media\/4494"}],"wp:attachment":[{"href":"https:\/\/toskani.com\/ch\/fr\/wp-json\/wp\/v2\/media?parent=4493"}],"wp:term":[{"taxonomy":"product_cat","embeddable":true,"href":"https:\/\/toskani.com\/ch\/fr\/wp-json\/wp\/v2\/product_cat?post=4493"},{"taxonomy":"product_tag","embeddable":true,"href":"https:\/\/toskani.com\/ch\/fr\/wp-json\/wp\/v2\/product_tag?post=4493"}],"curies":[{"name":"wp","href":"https:\/\/api.w.org\/{rel}","templated":true}]}}