{"id":4476,"date":"2023-09-06T10:49:09","date_gmt":"2023-09-06T10:49:09","guid":{"rendered":"https:\/\/toskani.com\/ch\/product\/retin-pro-age-advanced-cream\/"},"modified":"2024-01-02T08:17:20","modified_gmt":"2024-01-02T08:17:20","slug":"retin-pro-age-advanced-cream","status":"publish","type":"product","link":"https:\/\/toskani.com\/ch\/fr\/produit\/retin-pro-age-advanced-cream\/","title":{"rendered":"Retin Pro Age Advanced Cream"},"content":{"rendered":"<p>Cr\u00e8me qui p\u00e9n\u00e8tre facilement et procure une sensation nourrissante. Il contient un compos\u00e9 d&#8217;acide hyaluronique, d&#8217;acide r\u00e9tino\u00efque et de r\u00e9tinol d&#8217;origine v\u00e9g\u00e9tale qui offre un pouvoir anti-rides, lissant les imperfections et unifiant le teint.<\/p>\n","protected":false},"excerpt":{"rendered":"<p>Cr\u00e8me qui p\u00e9n\u00e8tre facilement et procure une sensation nourrissante. Il contient un compos\u00e9 d&#8217;acide hyaluronique, d&#8217;acide r\u00e9tino\u00efque et de r\u00e9tinol d&#8217;origine v\u00e9g\u00e9tale qui offre un pouvoir anti-rides, lissant les imperfections [&hellip;]<\/p>\n","protected":false},"featured_media":4477,"template":"","meta":[],"product_cat":[123,142,124],"product_tag":[],"class_list":["post-4476","product","type-product","status-publish","has-post-thumbnail","hentry","product_cat-antiedad-fr","product_cat-cremas-fr","product_cat-facial-fr"],"acf":[],"aioseo_notices":[],"_links":{"self":[{"href":"https:\/\/toskani.com\/ch\/fr\/wp-json\/wp\/v2\/product\/4476","targetHints":{"allow":["GET"]}}],"collection":[{"href":"https:\/\/toskani.com\/ch\/fr\/wp-json\/wp\/v2\/product"}],"about":[{"href":"https:\/\/toskani.com\/ch\/fr\/wp-json\/wp\/v2\/types\/product"}],"wp:featuredmedia":[{"embeddable":true,"href":"https:\/\/toskani.com\/ch\/fr\/wp-json\/wp\/v2\/media\/4477"}],"wp:attachment":[{"href":"https:\/\/toskani.com\/ch\/fr\/wp-json\/wp\/v2\/media?parent=4476"}],"wp:term":[{"taxonomy":"product_cat","embeddable":true,"href":"https:\/\/toskani.com\/ch\/fr\/wp-json\/wp\/v2\/product_cat?post=4476"},{"taxonomy":"product_tag","embeddable":true,"href":"https:\/\/toskani.com\/ch\/fr\/wp-json\/wp\/v2\/product_tag?post=4476"}],"curies":[{"name":"wp","href":"https:\/\/api.w.org\/{rel}","templated":true}]}}