{"id":4459,"date":"2023-09-06T10:50:58","date_gmt":"2023-09-06T10:50:58","guid":{"rendered":"https:\/\/toskani.com\/ch\/product\/unique-pro-age-advanced-cream\/"},"modified":"2024-01-02T08:15:53","modified_gmt":"2024-01-02T08:15:53","slug":"unique-pro-age-advanced-cream","status":"publish","type":"product","link":"https:\/\/toskani.com\/ch\/fr\/produit\/unique-pro-age-advanced-cream\/","title":{"rendered":"Unique Pro Age Advanced Cream"},"content":{"rendered":"<p>Cr\u00e8me nourrissante pour application quotidienne avec une grande vari\u00e9t\u00e9 d&#8217;actifs anti-\u00e2ge concentr\u00e9s sur chacun des probl\u00e8mes les plus pr\u00e9occupants : fermet\u00e9, pattes d&#8217;oie, rides de marionnette, zone Y (ovale du visage et cou).<\/p>\n","protected":false},"excerpt":{"rendered":"<p>Cr\u00e8me nourrissante pour application quotidienne avec une grande vari\u00e9t\u00e9 d&#8217;actifs anti-\u00e2ge concentr\u00e9s sur chacun des probl\u00e8mes les plus pr\u00e9occupants : fermet\u00e9, pattes d&#8217;oie, rides de marionnette, zone Y (ovale du [&hellip;]<\/p>\n","protected":false},"featured_media":4460,"template":"","meta":[],"product_cat":[123,142,124],"product_tag":[],"class_list":["post-4459","product","type-product","status-publish","has-post-thumbnail","hentry","product_cat-antiedad-fr","product_cat-cremas-fr","product_cat-facial-fr"],"acf":[],"aioseo_notices":[],"_links":{"self":[{"href":"https:\/\/toskani.com\/ch\/fr\/wp-json\/wp\/v2\/product\/4459","targetHints":{"allow":["GET"]}}],"collection":[{"href":"https:\/\/toskani.com\/ch\/fr\/wp-json\/wp\/v2\/product"}],"about":[{"href":"https:\/\/toskani.com\/ch\/fr\/wp-json\/wp\/v2\/types\/product"}],"wp:featuredmedia":[{"embeddable":true,"href":"https:\/\/toskani.com\/ch\/fr\/wp-json\/wp\/v2\/media\/4460"}],"wp:attachment":[{"href":"https:\/\/toskani.com\/ch\/fr\/wp-json\/wp\/v2\/media?parent=4459"}],"wp:term":[{"taxonomy":"product_cat","embeddable":true,"href":"https:\/\/toskani.com\/ch\/fr\/wp-json\/wp\/v2\/product_cat?post=4459"},{"taxonomy":"product_tag","embeddable":true,"href":"https:\/\/toskani.com\/ch\/fr\/wp-json\/wp\/v2\/product_tag?post=4459"}],"curies":[{"name":"wp","href":"https:\/\/api.w.org\/{rel}","templated":true}]}}