{"id":4289,"date":"2023-09-06T12:54:14","date_gmt":"2023-09-06T12:54:14","guid":{"rendered":"https:\/\/toskani.com\/ch\/product\/unique-pro-age-advanced-serum\/"},"modified":"2025-08-02T14:51:20","modified_gmt":"2025-08-02T14:51:20","slug":"unique-pro-age-advanced-serum","status":"publish","type":"product","link":"https:\/\/toskani.com\/ch\/fr\/produit\/unique-pro-age-advanced-serum\/","title":{"rendered":"Unique Pro Age Advanced Serum"},"content":{"rendered":"<p>S\u00e9rum nourrissant pour application quotidienne avec une large gamme d&#8217;actifs anti-\u00e2ge ciblant chacun des probl\u00e8mes les plus pr\u00e9occupants : fermet\u00e9, pattes d&#8217;oie, rides de marionnette, zone Y (ovale du visage et cou).<\/p>\n<p>Acheter :<br \/>\n TOSKANI<a href=\"https:\/\/www.med4skin.ch\/produkt\/unique-proage-serum\/\">Unique Pro Age Serum<\/a><\/p>\n","protected":false},"excerpt":{"rendered":"<p>S\u00e9rum nourrissant pour application quotidienne avec une large gamme d&#8217;actifs anti-\u00e2ge ciblant chacun des probl\u00e8mes les plus pr\u00e9occupants : fermet\u00e9, pattes d&#8217;oie, rides de marionnette, zone Y (ovale du visage [&hellip;]<\/p>\n","protected":false},"featured_media":4290,"template":"","meta":[],"product_cat":[123,124,125],"product_tag":[],"class_list":["post-4289","product","type-product","status-publish","has-post-thumbnail","hentry","product_cat-antiedad-fr","product_cat-facial-fr","product_cat-serums-fr"],"acf":[],"aioseo_notices":[],"_links":{"self":[{"href":"https:\/\/toskani.com\/ch\/fr\/wp-json\/wp\/v2\/product\/4289","targetHints":{"allow":["GET"]}}],"collection":[{"href":"https:\/\/toskani.com\/ch\/fr\/wp-json\/wp\/v2\/product"}],"about":[{"href":"https:\/\/toskani.com\/ch\/fr\/wp-json\/wp\/v2\/types\/product"}],"wp:featuredmedia":[{"embeddable":true,"href":"https:\/\/toskani.com\/ch\/fr\/wp-json\/wp\/v2\/media\/4290"}],"wp:attachment":[{"href":"https:\/\/toskani.com\/ch\/fr\/wp-json\/wp\/v2\/media?parent=4289"}],"wp:term":[{"taxonomy":"product_cat","embeddable":true,"href":"https:\/\/toskani.com\/ch\/fr\/wp-json\/wp\/v2\/product_cat?post=4289"},{"taxonomy":"product_tag","embeddable":true,"href":"https:\/\/toskani.com\/ch\/fr\/wp-json\/wp\/v2\/product_tag?post=4289"}],"curies":[{"name":"wp","href":"https:\/\/api.w.org\/{rel}","templated":true}]}}