{"id":5717,"date":"2022-12-07T10:43:15","date_gmt":"2022-12-07T10:43:15","guid":{"rendered":"https:\/\/toskani.com\/ch\/privacy-policy\/"},"modified":"2024-01-02T09:39:49","modified_gmt":"2024-01-02T09:39:49","slug":"privacy-policy","status":"publish","type":"page","link":"https:\/\/toskani.com\/ch\/fr\/privacy-policy\/","title":{"rendered":"Politique de confidentialit\u00e9"},"content":{"rendered":"<p>[vc_row css=&#8221;.vc_custom_1670409856432{margin-bottom: 5rem !important;}&#8221;][vc_column][vc_column_text]<\/p>\n<div class=\"page\" title=\"Page 1\">\n<div class=\"layoutArea\">\n<div class=\"column\">\n<p><strong>Contr\u00f4leur de donn\u00e9es :<\/strong><\/p>\n<p><strong>Nom de l&#8217;entreprise : TOSKANI, S.L.<\/strong><br \/>\n<strong>Si\u00e8ge social : PASSATGE CIUTADANS 4, 08005-BARCELONA. FNI : B- 58496324,<\/strong><br \/>\n<strong>Courrier \u00e9lectronique : rgpd@toskani.com\/ch<\/strong><\/p>\n<p><strong>Derni\u00e8re mise \u00e0 jour : juin 2023<\/strong><\/p>\n<p><strong>Le responsable du traitement des donn\u00e9es<\/strong> garantit le respect de la LOPDGDD- Loi organique 3\/2018, la<\/p>\n<p>R\u00e8glement (UE) 2016\/679 et loi 34\/2002.<\/p>\n<p>La pr\u00e9sente politique de confidentialit\u00e9 d\u00e9crit la mani\u00e8re dont TOSKANI, S.L. recueille, utilise, stocke et divulgue les informations personnelles collect\u00e9es sur son site web. Nous veillons au respect de votre vie priv\u00e9e et nous nous engageons \u00e0 prot\u00e9ger vos donn\u00e9es personnelles. En utilisant nos services, en vous inscrivant ou en achetant nos produits ou services, vous acceptez le traitement de vos donn\u00e9es tel que d\u00e9crit dans la pr\u00e9sente politique de confidentialit\u00e9 :<\/p>\n<h2>1. les informations que nous recueillons<\/h2>\n<\/div>\n<\/div>\n<div class=\"layoutArea\">\n<div class=\"column\">\n<p>Nous pouvons recueillir les informations personnelles suivantes lorsque vous interagissez avec nous :<\/p>\n<ul>\n<li>Des informations personnellement identifiables, telles que votre nom, votre adresse, votre adresse \u00e9lectronique, votre num\u00e9ro de t\u00e9l\u00e9phone et d&#8217;autres informations que vous fournissez volontairement lorsque vous vous inscrivez ou achetez nos produits.<\/li>\n<li>Informations relatives au compte et au paiement, telles que les informations relatives \u00e0 votre compte d&#8217;utilisateur, l&#8217;historique de vos achats, vos pr\u00e9f\u00e9rences en mati\u00e8re de paiement et d&#8217;autres informations relatives \u00e0 la facturation.<\/li>\n<li>Informations sur votre demande.<\/li>\n<li>Informations relatives \u00e0 l&#8217;utilisation et \u00e0 la technologie, telles que l&#8217;adresse IP, les donn\u00e9es de connexion, le type d&#8217;appareil, le navigateur web utilis\u00e9, les pages visit\u00e9es, la localisation g\u00e9ographique approximative et d&#8217;autres informations collect\u00e9es automatiquement par le biais de cookies ou d&#8217;autres technologies de suivi. Veuillez noter qu&#8217;en nous fournissant vos informations personnelles, vous garantissez qu&#8217;elles sont vraies et exactes et vous acceptez de nous informer de tout changement ou de toute modification les concernant. Vous \u00eates seul responsable de toute perte ou de tout dommage caus\u00e9 par la communication d&#8217;informations incorrectes, inexactes ou incompl\u00e8tes dans les formulaires d&#8217;inscription, de demande de renseignements, d&#8217;achat ou d&#8217;abonnement.<\/li>\n<\/ul>\n<\/div>\n<\/div>\n<div class=\"layoutArea\">\n<div class=\"column\">\n<h2>2. la finalit\u00e9 des informations collect\u00e9es<\/h2>\n<p>Nous utilisons les informations personnelles que nous recueillons aux fins suivantes :<\/p>\n<ul>\n<li>Fournir, maintenir et am\u00e9liorer nos services ou produits.<\/li>\n<li>Personnaliser et adapter l&#8217;exp\u00e9rience de l&#8217;utilisateur.<\/li>\n<li>Traiter les transactions et envoyer des informations relatives \u00e0 vos achats ou \u00e0 vos demandes.<\/li>\n<li>Communiquer avec vous et r\u00e9pondre \u00e0 vos questions et demandes.<\/li>\n<li>Pour envoyer des communications marketing et promotionnelles, \u00e0 condition que vous ayez donn\u00e9 votre consentement ou que vous ayez une relation active avec nous.<\/li>\n<li>Participer en tant que candidat \u00e0 nos processus de s\u00e9lection.<\/li>\n<li>Respecter nos obligations l\u00e9gales et r\u00e9soudre les litiges.<\/li>\n<\/ul>\n<h2>3. L\u00e9gitimit\u00e9 du traitement des donn\u00e9es<\/h2>\n<p>Le traitement de vos donn\u00e9es personnelles sera effectu\u00e9 conform\u00e9ment \u00e0 la l\u00e9gislation en vigueur et se fondera sur les bases juridiques suivantes :<\/p>\n<p>Ex\u00e9cution d&#8217;un contrat. Le traitement de vos donn\u00e9es personnelles peut \u00eatre n\u00e9cessaire \u00e0 l&#8217;ex\u00e9cution d&#8217;un contrat. Par exemple, nous utilisons vos informations pour traiter et exp\u00e9dier vos commandes, g\u00e9rer les paiements et assurer la livraison des produits ou des services.<\/p>\n<p>Respect des obligations l\u00e9gales. Il se peut que nous devions traiter vos donn\u00e9es \u00e0 caract\u00e8re personnel afin de nous conformer aux obligations l\u00e9gales auxquelles nous sommes soumis. Par exemple, nous pouvons \u00eatre tenus de conserver certaines informations \u00e0 des fins comptables ou fiscales.<\/p>\n<p>Consentement. Dans certains cas, nous vous demanderons votre consentement explicite avant de traiter vos donn\u00e9es personnelles. Nous vous informerons de la finalit\u00e9 sp\u00e9cifique pour laquelle nous sollicitons votre consentement et vous serez libre de donner votre accord.<\/p>\n<\/div>\n<\/div>\n<\/div>\n<div class=\"page\" title=\"Page 2\">\n<div class=\"layoutArea\">\n<div class=\"column\">\n<p>ou le nier. Si vous avez donn\u00e9 votre consentement, vous pouvez le retirer \u00e0 tout moment, ce qui n&#8217;affectera pas la l\u00e9galit\u00e9 du traitement effectu\u00e9 jusqu&#8217;alors.<\/p>\n<p>Int\u00e9r\u00eats l\u00e9gitimes Nous pouvons traiter vos donn\u00e9es \u00e0 caract\u00e8re personnel lorsque cela est n\u00e9cessaire pour nos int\u00e9r\u00eats l\u00e9gitimes. Par exemple, nous pouvons utiliser vos informations pour am\u00e9liorer nos produits et services, effectuer des analyses statistiques et mener des activit\u00e9s de marketing direct si nous pensons raisonnablement que c&#8217;est dans votre int\u00e9r\u00eat.<\/p>\n<p>Satisfaction d&#8217;un int\u00e9r\u00eat public. Dans certains cas, nous pouvons \u00eatre amen\u00e9s \u00e0 traiter vos donn\u00e9es personnelles pour satisfaire un int\u00e9r\u00eat public. Il peut s&#8217;agir de la pr\u00e9vention de la fraude, de la s\u00e9curit\u00e9 des r\u00e9seaux et de l&#8217;information, ainsi que de la coop\u00e9ration avec les autorit\u00e9s.<\/p>\n<h2>4. Partage d&#8217;informations<\/h2>\n<p>Nous pouvons partager vos informations personnelles avec des tiers dans les circonstances suivantes :<\/p>\n<p>Prestataires de services : nous pouvons partager des informations avec des tiers qui nous aident \u00e0 fournir et \u00e0 am\u00e9liorer nos services, tels que des soci\u00e9t\u00e9s de traitement des paiements, des fournisseurs de services d&#8217;h\u00e9bergement, des services d&#8217;analyse et d&#8217;autres fournisseurs de services connexes.<\/p>\n<p>Respect de la loi : nous pouvons divulguer des informations personnelles si la loi, la r\u00e9glementation ou une proc\u00e9dure judiciaire valide nous y oblige.<\/p>\n<p>Consentement : si vous avez donn\u00e9 votre consentement explicite, nous pouvons partager vos informations avec des tiers \u00e0 des fins de marketing, de promotion ou \u00e0 d&#8217;autres fins similaires.<\/p>\n<h2>5. Donn\u00e9es de tiers<\/h2>\n<p>Si vous nous fournissez des donn\u00e9es \u00e0 caract\u00e8re personnel de tiers, vous devez vous assurer que vous avez obtenu le consentement appropri\u00e9 et juridiquement valable de ces personnes avant de partager leurs donn\u00e9es avec nous.<\/p>\n<p>En fournissant des donn\u00e9es de tiers, vous d\u00e9clarez et garantissez que vous avez le consentement expr\u00e8s et valide de ces personnes et que vous les avez inform\u00e9es de la mani\u00e8re dont nous utiliserons leurs donn\u00e9es conform\u00e9ment \u00e0 la pr\u00e9sente politique de protection de la vie priv\u00e9e. Vous nous d\u00e9gagez de toute responsabilit\u00e9 en cas de dommages ou de r\u00e9clamations r\u00e9sultant de l&#8217;absence de consentement ad\u00e9quat au traitement de ces donn\u00e9es.<\/p>\n<h2>6. Conservation des donn\u00e9es \u00e0 caract\u00e8re personnel<\/h2>\n<p>Nous conserverons vos donn\u00e9es \u00e0 caract\u00e8re personnel aussi longtemps que n\u00e9cessaire pour atteindre les objectifs d\u00e9finis dans la pr\u00e9sente politique de confidentialit\u00e9, \u00e0 moins qu&#8217;une p\u00e9riode de conservation plus longue ne soit requise ou autoris\u00e9e par la loi.<\/p>\n<p>La conservation de vos donn\u00e9es personnelles sera soumise aux consid\u00e9rations suivantes :<\/p>\n<p>Dur\u00e9e de la relation contractuelle. Si vous avez un compte d&#8217;utilisateur enregistr\u00e9, nous conserverons vos donn\u00e9es personnelles aussi longtemps que votre compte sera actif.<\/p>\n<p>Respect des obligations l\u00e9gales. Nous pouvons conserver certaines informations personnelles pour nous conformer \u00e0 des obligations l\u00e9gales, comptables ou fiscales.<\/p>\n<p>Int\u00e9r\u00eats l\u00e9gitimes. Nous conserverons ces donn\u00e9es aussi longtemps que n\u00e9cessaire \u00e0 des fins commerciales l\u00e9gitimes.<\/p>\n<p>Consentement. Si vous avez donn\u00e9 votre consentement \u00e0 un traitement \u00e0 des fins sp\u00e9cifiques, nous conserverons vos donn\u00e9es jusqu&#8217;\u00e0 ce que vous d\u00e9cidiez de retirer votre consentement.<\/p>\n<p>Les programmes d&#8217;\u00e9tudes ou les processus de s\u00e9lection. Nous conserverons vos donn\u00e9es pendant un an.<br \/>\n\u00c0 la fin de la p\u00e9riode de conservation, nous les supprimerons de mani\u00e8re s\u00e9curis\u00e9e ou les rendrons anonymes, sauf si nous sommes oblig\u00e9s de le faire.<\/p>\n<p>juridique.<\/p>\n<h2>7. Liens vers les r\u00e9seaux sociaux<\/h2>\n<p>Nous pouvons inclure des liens vers des sites de m\u00e9dias sociaux pour vous offrir une exp\u00e9rience d&#8217;achat plus interactive. Veuillez noter que ces liens vers les m\u00e9dias sociaux peuvent vous rediriger vers des plateformes externes sur lesquelles nous n&#8217;avons aucun contr\u00f4le.<\/p>\n<p>En cliquant sur ces liens et en acc\u00e9dant aux r\u00e9seaux sociaux, vos donn\u00e9es personnelles peuvent \u00eatre collect\u00e9es et trait\u00e9es par des tiers. Ces tiers op\u00e8rent conform\u00e9ment \u00e0 leurs propres politiques de confidentialit\u00e9 et conditions d&#8217;utilisation. Nous vous encourageons donc \u00e0 examiner attentivement ces politiques avant de fournir des donn\u00e9es personnelles sur ces plateformes.<\/p>\n<\/div>\n<\/div>\n<\/div>\n<div class=\"page\" title=\"Page 3\">\n<div class=\"layoutArea\">\n<div class=\"column\">\n<p>Nous ne sommes pas responsables des pratiques en mati\u00e8re de protection de la vie priv\u00e9e ou du contenu des r\u00e9seaux sociaux auxquels vous pouvez acc\u00e9der par des liens depuis notre site web.<\/p>\n<h2>8. Exercice des droits<\/h2>\n<p>Conform\u00e9ment \u00e0 la l\u00e9gislation applicable en mati\u00e8re de protection des donn\u00e9es, vous pouvez exercer les droits d\u00e9crits ci-dessous ;<\/p>\n<p>Droit d&#8217;acc\u00e8s. Vous avez le droit d&#8217;obtenir la confirmation que nous traitons vos donn\u00e9es \u00e0 caract\u00e8re personnel et, le cas \u00e9ch\u00e9ant, d&#8217;acc\u00e9der \u00e0 ces donn\u00e9es et d&#8217;obtenir des informations d\u00e9taill\u00e9es.<\/p>\n<p>Droit de rectification. Si des donn\u00e9es personnelles sont inexactes ou p\u00e9rim\u00e9es, vous avez le droit de demander qu&#8217;elles soient corrig\u00e9es ou mises \u00e0 jour sans d\u00e9lai.<\/p>\n<p>Droit de suppression (droit \u00e0 l&#8217;oubli). Dans certaines circonstances, vous pouvez demander la suppression de vos donn\u00e9es personnelles.<\/p>\n<p>Droit \u00e0 la limitation du traitement. Vous avez le droit de demander la limitation du traitement de vos donn\u00e9es personnelles.<\/p>\n<p>Droit \u00e0 la portabilit\u00e9 des donn\u00e9es. Vous avez le droit de recevoir les donn\u00e9es \u00e0 caract\u00e8re personnel que vous nous avez fournies dans un format structur\u00e9, couramment utilis\u00e9 et lisible par machine, \u00e0 condition que le traitement soit fond\u00e9 sur le consentement ou sur un contrat et qu&#8217;il soit effectu\u00e9 par des moyens automatis\u00e9s.<\/p>\n<p>Droit d&#8217;opposition. Vous pouvez vous opposer au traitement de vos donn\u00e9es personnelles dans certaines circonstances. Droit de d\u00e9poser une plainte. Vous avez le droit de d\u00e9poser une plainte aupr\u00e8s de l&#8217;AGENCIA ESPA\u00d1OLA DE<\/p>\n<p>PROTECTION DES DONN\u00c9ES \u00e0 l&#8217;<a href=\"https:\/\/www.aepd.es\/\">adresse www.agpd.es.<\/a><\/p>\n<p>Si vous souhaitez exercer l&#8217;un de ces droits ou r\u00e9voquer un consentement, veuillez nous contacter \u00e0 PASSATGE CIUTADANS 4, 08005-BARCELONE. ou \u00e0 l&#8217;adresse rgpd@toskani.com\/ch. Nous disposons de formulaires pour l&#8217;exercice de vos droits, vous devez nous les demander. Ces formulaires doivent \u00eatre sign\u00e9s \u00e9lectroniquement ou accompagn\u00e9s d&#8217;une photocopie de la carte d&#8217;identit\u00e9.<\/p>\n<h2>9. Transferts internationaux<\/h2>\n<p>En g\u00e9n\u00e9ral, nous n&#8217;effectuons pas de transferts internationaux en dehors de l&#8217;UE. Toutefois, dans le cadre de nos activit\u00e9s, nous pouvons transf\u00e9rer vos donn\u00e9es \u00e0 caract\u00e8re personnel \u00e0 des destinataires situ\u00e9s dans des pays en dehors de l&#8217;Espace \u00e9conomique europ\u00e9en (EEE). Dans ce cas, nous veillerons \u00e0 ce que des garanties appropri\u00e9es soient mises en place pour les prot\u00e9ger au moyen de clauses contractuelles types approuv\u00e9es par la Commission europ\u00e9enne ou de toute autre mesure l\u00e9galement reconnue pour assurer une protection ad\u00e9quate de vos donn\u00e9es \u00e0 caract\u00e8re personnel pendant le transfert.<\/p>\n<p><strong>Pour plus d&#8217;informations, veuillez nous contacter \u00e0 l&#8217;adresse <a href=\"mailto:rgpd@toskani.com\/ch\">suivante : rgpd@toskani.com\/ch<\/a> 10. Mesures de s\u00e9curit\u00e9.<\/strong><\/p>\n<p>Nous nous engageons \u00e0 assurer la s\u00e9curit\u00e9 de vos donn\u00e9es personnelles et \u00e0 les prot\u00e9ger contre tout acc\u00e8s, divulgation ou modification non autoris\u00e9s. \u00c0 cette fin, nous mettons en \u0153uvre des mesures techniques, administratives et organisationnelles appropri\u00e9es pour prot\u00e9ger la confidentialit\u00e9, l&#8217;int\u00e9grit\u00e9 et la disponibilit\u00e9 de vos donn\u00e9es.<\/p>\n<p>Malgr\u00e9 nos meilleures pratiques en mati\u00e8re de s\u00e9curit\u00e9, vous devez garder \u00e0 l&#8217;esprit qu&#8217;aucune mesure de s\u00e9curit\u00e9 n&#8217;est totalement infaillible. Si vous avez connaissance d&#8217;une quelconque vuln\u00e9rabilit\u00e9 ou si vous soup\u00e7onnez une utilisation abusive de vos donn\u00e9es \u00e0 caract\u00e8re personnel, nous vous invitons \u00e0 nous en informer imm\u00e9diatement en utilisant les coordonn\u00e9es indiqu\u00e9es au d\u00e9but de notre politique de protection de la vie priv\u00e9e.<\/p>\n<\/div>\n<\/div>\n<\/div>\n<p>[\/vc_column_text][\/vc_column][\/vc_row]<\/p>\n","protected":false},"excerpt":{"rendered":"<p>[vc_row css=&#8221;.vc_custom_1670409856432{margin-bottom: 5rem !important;}&#8221;][vc_column][vc_column_text] Contr\u00f4leur de donn\u00e9es : Nom de l&#8217;entreprise : TOSKANI, S.L. Si\u00e8ge social : PASSATGE CIUTADANS 4, 08005-BARCELONA. FNI : B- 58496324, Courrier \u00e9lectronique : rgpd@toskani.com\/ch Derni\u00e8re [&hellip;]<\/p>\n","protected":false},"author":1,"featured_media":0,"parent":0,"menu_order":0,"comment_status":"closed","ping_status":"closed","template":"","meta":{"footnotes":""},"class_list":["post-5717","page","type-page","status-publish","hentry"],"acf":[],"aioseo_notices":[],"_links":{"self":[{"href":"https:\/\/toskani.com\/ch\/fr\/wp-json\/wp\/v2\/pages\/5717","targetHints":{"allow":["GET"]}}],"collection":[{"href":"https:\/\/toskani.com\/ch\/fr\/wp-json\/wp\/v2\/pages"}],"about":[{"href":"https:\/\/toskani.com\/ch\/fr\/wp-json\/wp\/v2\/types\/page"}],"author":[{"embeddable":true,"href":"https:\/\/toskani.com\/ch\/fr\/wp-json\/wp\/v2\/users\/1"}],"replies":[{"embeddable":true,"href":"https:\/\/toskani.com\/ch\/fr\/wp-json\/wp\/v2\/comments?post=5717"}],"version-history":[{"count":11,"href":"https:\/\/toskani.com\/ch\/fr\/wp-json\/wp\/v2\/pages\/5717\/revisions"}],"predecessor-version":[{"id":6018,"href":"https:\/\/toskani.com\/ch\/fr\/wp-json\/wp\/v2\/pages\/5717\/revisions\/6018"}],"wp:attachment":[{"href":"https:\/\/toskani.com\/ch\/fr\/wp-json\/wp\/v2\/media?parent=5717"}],"curies":[{"name":"wp","href":"https:\/\/api.w.org\/{rel}","templated":true}]}}