{"id":5654,"date":"2022-12-07T09:53:42","date_gmt":"2022-12-07T09:53:42","guid":{"rendered":"https:\/\/toskani.com\/ch\/cookie-policy\/"},"modified":"2024-01-02T09:39:50","modified_gmt":"2024-01-02T09:39:50","slug":"cookie-policy","status":"publish","type":"page","link":"https:\/\/toskani.com\/ch\/fr\/cookie-policy\/","title":{"rendered":"Politique en mati\u00e8re de cookies"},"content":{"rendered":"<p>[vc_row css=&#8221;.vc_custom_1670407389763{margin-bottom: 5rem !important;}&#8221;][vc_column][vc_column_text]<\/p>\n<p class=\"p1\"><span class=\"s1\"><b>Responsable du traitement : TOSKANI, S.L.<\/b><\/span><\/p>\n<p class=\"p1\"><span class=\"s1\"><b>Si\u00e8ge social : PASSATGE CIUTADANS 4, 08005-BARCELONA.  <\/b><\/span><\/p>\n<p class=\"p2\"><span class=\"s1\"><b>N\u00b0 DE TVA : B- 58496324<\/b><\/span><\/p>\n<p class=\"p2\"><span class=\"s1\"><b>Derni\u00e8re mise \u00e0 jour : juin 2023<\/b><\/span><\/p>\n<p class=\"p4\"><span class=\"s1\">Dans cette politique de cookies, vous trouverez la description et la finalit\u00e9 de chacun des cookies utilis\u00e9s, ainsi que leur nom, le serveur \u00e9metteur, leur date d&#8217;expiration et, dans certains cas, l&#8217;existence d&#8217;un transfert international de donn\u00e9es.<\/span><\/p>\n<p class=\"p4\"><span class=\"s1\">La l\u00e9gitimit\u00e9 de l&#8217;utilisation de cookies strictement fonctionnels est donn\u00e9e par le fait que le traitement est n\u00e9cessaire au respect d&#8217;une obligation l\u00e9gale, conform\u00e9ment \u00e0 la loi 34\/2002 (loi sur les services de la soci\u00e9t\u00e9 de l&#8217;information et le commerce \u00e9lectronique).<\/span><\/p>\n<p class=\"p4\"><span class=\"s1\">La l\u00e9gitimit\u00e9 de l&#8217;utilisation des cookies \u00e0 des fins d&#8217;analyse, d&#8217;optimisation, de personnalisation, de publicit\u00e9 comportementale et d&#8217;\u00e9valuation repose sur le consentement qui vous a \u00e9t\u00e9 demand\u00e9, conform\u00e9ment \u00e0 l&#8217;art. 6.1.a) du r\u00e8glement (UE) 2016\/679.<\/span><\/p>\n<p class=\"p4\"><span class=\"s1\">Nous utilisons des cookies afin de vous fournir un meilleur service et de vous offrir une meilleure exp\u00e9rience de navigation. Nous souhaitons vous informer de mani\u00e8re claire et pr\u00e9cise sur les cookies que nous utilisons, en d\u00e9taillant ci-dessous ce qu&#8217;est un cookie, \u00e0 quoi il sert, quels types de cookies nous utilisons, quelle est leur finalit\u00e9 et comment vous pouvez les configurer ou les d\u00e9sactiver si vous le souhaitez.<\/span><\/p>\n<h2 class=\"p5\"><span class=\"s1\">Qu&#8217;est-ce qu&#8217;un cookie ?<\/span><\/h2>\n<p class=\"p6\"><span class=\"s1\">Un cookie est un fichier qui est t\u00e9l\u00e9charg\u00e9 sur votre ordinateur lorsque vous acc\u00e9dez \u00e0 la plupart des sites web. Les cookies permettent \u00e0 un site web, entre autres, de stocker et de r\u00e9cup\u00e9rer des informations sur les habitudes de navigation d&#8217;un utilisateur ou sur son \u00e9quipement et, en fonction des informations qu&#8217;ils contiennent et de la mani\u00e8re dont il utilise son \u00e9quipement, ils peuvent \u00eatre utilis\u00e9s pour reconna\u00eetre l&#8217;utilisateur. Lorsque vous acc\u00e9dez \u00e0 un site web qui utilise des cookies, le site web am\u00e8ne le navigateur \u00e0 cr\u00e9er de petits fichiers sur votre ordinateur (ordinateur, tablette, t\u00e9l\u00e9phone ou similaire) contenant des informations n\u00e9cessaires au fonctionnement du site web. Ces fichiers, appel\u00e9s cookies, font partie de la technologie n\u00e9cessaire au bon fonctionnement du site web. Les cookies ne contiennent aucune information personnelle sp\u00e9cifique et la plupart des cookies sont supprim\u00e9s de votre disque dur \u00e0 la fin de votre session de navigation (cookies de session), bien que votre historique de navigation et les cookies soient stock\u00e9s sur votre ordinateur. Les cookies, semblables \u00e0 l&#8217;historique de navigation ou au cache de votre navigateur, peuvent laisser une trace de votre activit\u00e9 en ligne. Ceci est particuli\u00e8rement important si d&#8217;autres personnes peuvent avoir acc\u00e8s \u00e0 votre \u00e9quipement. Par cons\u00e9quent, si vous utilisez un ordinateur partag\u00e9, nous vous recommandons, avant de vous d\u00e9connecter, de supprimer votre historique de navigation, votre m\u00e9moire cache et vos cookies.  <\/span><\/p>\n<h2 class=\"p6\"><span class=\"s1\">Quels types de cookies ce site web utilise-t-il ?  <\/span><\/h2>\n<p class=\"p6\"><span class=\"s1\">Cookies techniques : Ces cookies permettent \u00e0 l&#8217;utilisateur de naviguer sur un site web, une plateforme ou une application et d&#8217;utiliser les diff\u00e9rentes options ou services qui y sont propos\u00e9s, comme par exemple le contr\u00f4le du trafic et de la communication des donn\u00e9es, l&#8217;identification de la session, l&#8217;acc\u00e8s \u00e0 des zones d&#8217;acc\u00e8s restreint, la m\u00e9morisation des \u00e9l\u00e9ments qui composent une commande, la r\u00e9alisation du processus d&#8217;achat d&#8217;une commande, la demande d&#8217;inscription ou la participation \u00e0 un \u00e9v\u00e9nement, l&#8217;utilisation d&#8217;\u00e9l\u00e9ments de s\u00e9curit\u00e9 lors de la navigation, le stockage de contenus pour la diffusion de vid\u00e9os ou de sons ou le partage de contenus via les r\u00e9seaux sociaux.<\/span><\/p>\n<p class=\"p6\"><span class=\"s1\"><b>  Cookies de personnalisation :<\/b>  Ceux-ci permettent \u00e0 l&#8217;utilisateur d&#8217;acc\u00e9der au service avec certaines caract\u00e9ristiques g\u00e9n\u00e9rales pr\u00e9d\u00e9finies en fonction d&#8217;une s\u00e9rie de crit\u00e8res dans le terminal de l&#8217;utilisateur, tels que la langue, le type de navigateur par lequel l&#8217;utilisateur acc\u00e8de au service, la configuration r\u00e9gionale \u00e0 partir de laquelle l&#8217;utilisateur acc\u00e8de au service, etc.<\/span><\/p>\n<p class=\"p6\"><span class=\"s1\"><b>Cookies d&#8217;analyse :<\/b> il s&#8217;agit de cookies qui sont trait\u00e9s par nous-m\u00eames ou par des tiers et qui nous permettent de quantifier le nombre d&#8217;utilisateurs et de proc\u00e9der ainsi \u00e0 la mesure et \u00e0 l&#8217;analyse statistique de l&#8217;utilisation faite par les utilisateurs du service offert. A cette fin, votre navigation sur notre site est analys\u00e9e afin d&#8217;am\u00e9liorer la gamme de produits ou de services que nous vous proposons.  <\/span><\/p>\n<p class=\"p6\"><span class=\"s1\"><b>Cookies publicitaires :<\/b>  Il s&#8217;agit des donn\u00e9es qui, trait\u00e9es par nous-m\u00eames ou par des tiers, nous permettent de g\u00e9rer le plus efficacement possible l&#8217;offre d&#8217;espaces publicitaires sur le site web, en adaptant le contenu de la publicit\u00e9 au contenu du service demand\u00e9 ou \u00e0 l&#8217;utilisation que vous faites de notre site web. Pour ce faire, nous pouvons analyser vos habitudes de navigation sur Internet et vous montrer de la publicit\u00e9 li\u00e9e \u00e0 votre profil de navigation.<\/span><\/p>\n<p class=\"p6\"><span class=\"s1\"><b>Cookies de publicit\u00e9 comportementale :<\/b> Ces cookies permettent de g\u00e9rer, de la mani\u00e8re la plus efficace possible, les espaces publicitaires que, le cas \u00e9ch\u00e9ant, l&#8217;\u00e9diteur a inclus sur un site web, une application ou une plateforme \u00e0 partir de laquelle le service demand\u00e9 est fourni. Ces cookies stockent des informations sur le comportement des utilisateurs obtenues gr\u00e2ce \u00e0 l&#8217;observation continue de leurs habitudes de navigation, ce qui permet de d\u00e9velopper un profil sp\u00e9cifique afin d&#8217;afficher des publicit\u00e9s bas\u00e9es sur ce dernier.<\/span><\/p>\n<p class=\"p6\"><span class=\"s1\"><b>Cookies de tiers :<\/b> Ce site web peut utiliser des services de tiers qui, pour leur compte, compilent des informations \u00e0 des fins statistiques, pour l&#8217;utilisation du site par l&#8217;utilisateur et pour la fourniture d&#8217;autres services li\u00e9s \u00e0 l&#8217;activit\u00e9 du site web et d&#8217;autres services Internet.  <\/span><\/p>\n<h2 class=\"p6\"><span class=\"s1\">Finalit\u00e9 des COOKIES utilis\u00e9s<\/span><\/h2>\n<p class=\"p6\"><span class=\"s1\">Nous d\u00e9taillons ci-dessous les cookies utilis\u00e9s sur notre site web et leur finalit\u00e9.  <b>La liste des cookies utilis\u00e9s dans ce domaine :<\/b><\/span><\/p>\n<p>&nbsp;<\/p>\n<table>\n<tbody>\n<tr>\n<td>Cookie<\/td>\n<td>Type<\/td>\n<td>La dur\u00e9e<\/td>\n<td>Objectif et finalit\u00e9<\/td>\n<td>Politique de confidentialit\u00e9<\/td>\n<\/tr>\n<tr>\n<td>Google Analytics<\/td>\n<td>__utma,<br \/>\n__utmb,<br \/>\n__utmc,<br \/>\n__utmz,<br \/>\n__utmv,<\/td>\n<td>2 ans<br \/>\n30 Min.<br \/>\nSession<br \/>\n2 ans<br \/>\n6 mois<\/td>\n<td>Google Analytics envoie \u00e0 l&#8217;adresse IP de Google des informations anonymes sur l&#8217;utilisation du site web afin de nous fournir des informations sur la mani\u00e8re dont les utilisateurs interagissent avec le site web.<\/td>\n<td><a href=\"https:\/\/www.toskanicosmetics.com\/es\/www.google.es\/intl\/es\/analytics\/privacyoverview.html\" target=\"_blank\" rel=\"noopener\">www.google.es\/intl\/es\/analytics\/privacyoverview.html<\/a><\/td>\n<\/tr>\n<tr>\n<td>PHPSESSID<\/td>\n<td>TECHNIQUE<\/td>\n<td>SESSION<\/td>\n<td>Navigabilit\u00e9<\/td>\n<td><\/td>\n<\/tr>\n<tr>\n<td>cookieidioma<\/td>\n<td>PERSONNALISATION<\/td>\n<td>10 ans<\/td>\n<td>Afficher le site web \u00e0 l&#8217;utilisateur dans la langue choisie par d\u00e9faut.<\/td>\n<td><\/td>\n<\/tr>\n<tr>\n<td>Promo_intro_show<\/td>\n<td>PERSONNALISATION<\/td>\n<td>30 jours<\/td>\n<td>Masquer la fen\u00eatre contextuelle de promotion si elle a d\u00e9j\u00e0 \u00e9t\u00e9 affich\u00e9e pr\u00e9c\u00e9demment<\/td>\n<td><\/td>\n<\/tr>\n<tr>\n<td>cookieconsent_status<\/td>\n<td>PERSONNALISATION<\/td>\n<td>1 an<\/td>\n<td>Ne pas afficher l&#8217;avertissement relatif aux cookies s&#8217;il a d\u00e9j\u00e0 \u00e9t\u00e9 affich\u00e9 auparavant.<\/td>\n<td><\/td>\n<\/tr>\n<\/tbody>\n<\/table>\n<p>&nbsp;<\/p>\n<h2 class=\"p1\"><span class=\"s1\">Qui utilise les informations stock\u00e9es dans les cookies ?  <\/span><\/h2>\n<p class=\"p1\"><span class=\"s1\">Les informations stock\u00e9es dans les cookies de notre site web sont utilis\u00e9es exclusivement par nous, \u00e0 l&#8217;exception de ceux identifi\u00e9s comme &#8220;cookies de tiers&#8221;, qui peuvent \u00eatre utilis\u00e9s et g\u00e9r\u00e9s par des entit\u00e9s externes pour nous fournir des services visant \u00e0 am\u00e9liorer nos services et l&#8217;exp\u00e9rience de l&#8217;utilisateur lorsqu&#8217;il navigue sur notre plate-forme. Plus d&#8217;informations sur le panneau de configuration des cookies accessible \u00e0 tout moment sur notre site web.<\/span><\/p>\n<h2 class=\"p4\"><span class=\"s1\">Combien de temps les informations seront-elles conserv\u00e9es ?<\/span><\/h2>\n<p class=\"p4\"><span class=\"s1\">Nous conserverons les informations aussi longtemps que n\u00e9cessaire pour fournir le service demand\u00e9, jusqu&#8217;\u00e0 ce que vous vous y opposiez ou que vous retiriez votre consentement. Dans ce cas, les informations seront bloqu\u00e9es de mani\u00e8re appropri\u00e9e et nous ne pourrons pas les utiliser tant qu&#8217;elles seront n\u00e9cessaires \u00e0 l&#8217;exercice ou \u00e0 la d\u00e9fense de droits l\u00e9gaux ou contractuels. Pass\u00e9 ce d\u00e9lai, vos donn\u00e9es seront d\u00e9finitivement effac\u00e9es.<\/span><\/p>\n<p class=\"p4\"><span class=\"s1\">Lorsque nous collectons des donn\u00e9es automatiquement par le biais de cookies, veuillez noter que certains cookies peuvent \u00eatre stock\u00e9s pendant des ann\u00e9es. Toutefois, vous pouvez limiter leur utilisation au fil du temps en les supprimant des navigateurs ou des appareils.<\/span><\/p>\n<h2 class=\"p4\"><span class=\"s1\">Comment d\u00e9sactiver les cookies ?<\/span><\/h2>\n<p class=\"p4\"><span class=\"s1\">Dans le panneau de configuration des cookies accessible \u00e0 tout moment sur notre plate-forme, vous pouvez obtenir toutes les informations sur les cookies utilis\u00e9s sur ce site Web, ainsi que des informations sur la finalit\u00e9, la dur\u00e9e et la gestion (propre ou par des tiers) de chacun d&#8217;entre eux, afin de g\u00e9rer l&#8217;activation et la d\u00e9sactivation de l&#8217;utilisation des cookies qui ne sont pas strictement n\u00e9cessaires au fonctionnement du site Web.  <\/span><\/p>\n<p class=\"p4\"><span class=\"s1\">Par ailleurs, si vous naviguez sur Internet, vous pouvez d\u00e9sactiver l&#8217;utilisation des cookies dans votre navigateur. Nous vous montrons comment proc\u00e9der avec les navigateurs les plus courants :  <\/span><\/p>\n<p class=\"p6\"><span class=\"s2\">Chrome : <a href=\"http:\/\/support.google.com\/chrome\/bin\/answer.py?hl=es&amp;answer=95647\"><br \/>\n  <span class=\"s3\">http:\/\/support.google.com\/chrome\/bin\/answer.py?hl=es&amp;answer=95647<\/span><br \/>\n<\/a><\/span><\/p>\n<p class=\"p6\"><span class=\"s2\">Explorer : <a href=\"http:\/\/windows.microsoft.com\/es-es\/windows7\/how-to-manage-cookies-in-internet-explorer-9\"><br \/>\n  <span class=\"s3\">http:\/\/windows.microsoft.com\/es-es\/windows7\/how-to-manage-cookies-in-internet-explorer-9<\/span><br \/>\n<\/a><\/span><\/p>\n<p class=\"p6\"><span class=\"s2\">Firefox : <a href=\"http:\/\/support.mozilla.org\/es\/kb\/habilitar-y-deshabilitar-cookies-que-los-sitios-we\"><br \/>\n  <span class=\"s3\">http:\/\/support.mozilla.org\/es\/kb\/habilitar-y-deshabilitar-cookies-que-los-sitios-we<\/span><br \/>\n<\/a><\/span><\/p>\n<p class=\"p6\"><span class=\"s2\">Safari : <a href=\"http:\/\/support.apple.com\/kb\/ph5042\"><br \/>\n  <span class=\"s3\">http:\/\/support.apple.com\/kb\/ph5042<\/span><br \/>\n<\/a><\/span><\/p>\n<p class=\"p6\"><span class=\"s2\">Safari pour iOS :<a href=\"http:\/\/support.apple.com\/kb\/HT1677?viewlocale=es_ES&amp;locale=es_ES\"><br \/>\n  <span class=\"s3\">http:\/\/support.apple.com\/kb\/HT1677?viewlocale=es_ES&amp;locale=es_ES<\/span><br \/>\n<\/a><\/span><\/p>\n<p class=\"p4\"><span class=\"s1\">Cette possibilit\u00e9 d&#8217;emp\u00eacher l&#8217;utilisation de cookies peut \u00eatre exerc\u00e9e \u00e0 tout moment.<\/span><\/p>\n<p class=\"p4\"><span class=\"s1\">Veuillez noter que la gestion du panneau de configuration des cookies et votre choix de rejeter les cookies sont sp\u00e9cifiques au navigateur que vous utilisez. Par cons\u00e9quent, si vous choisissez de param\u00e9trer les cookies d&#8217;une certaine mani\u00e8re sur un appareil et que vous souhaitez que votre choix s&#8217;applique de la m\u00eame mani\u00e8re \u00e0 un autre appareil, vous devrez activer la m\u00eame option pour cet autre appareil.<\/span><\/p>\n<h2 class=\"p9\"><span class=\"s1\">Modifications de la politique en mati\u00e8re de cookies<\/span><\/h2>\n<p class=\"p9\"><span class=\"s1\">La pr\u00e9sente politique en mati\u00e8re de cookies peut \u00eatre modifi\u00e9e si la l\u00e9gislation en vigueur l&#8217;exige ou en cas de variation du type de cookies utilis\u00e9s sur le site web. Nous vous recommandons donc de consulter cette politique chaque fois que vous acc\u00e9dez \u00e0 notre site web afin d&#8217;\u00eatre correctement inform\u00e9 de la mani\u00e8re dont nous utilisons les cookies et de la raison pour laquelle nous les utilisons.<\/span><\/p>\n<p>[\/vc_column_text][\/vc_column][\/vc_row]<\/p>\n","protected":false},"excerpt":{"rendered":"<p>[vc_row css=&#8221;.vc_custom_1670407389763{margin-bottom: 5rem !important;}&#8221;][vc_column][vc_column_text] Responsable du traitement : TOSKANI, S.L. Si\u00e8ge social : PASSATGE CIUTADANS 4, 08005-BARCELONA. N\u00b0 DE TVA : B- 58496324 Derni\u00e8re mise \u00e0 jour : juin 2023 [&hellip;]<\/p>\n","protected":false},"author":1,"featured_media":0,"parent":0,"menu_order":0,"comment_status":"closed","ping_status":"closed","template":"","meta":{"footnotes":""},"class_list":["post-5654","page","type-page","status-publish","hentry"],"acf":[],"aioseo_notices":[],"_links":{"self":[{"href":"https:\/\/toskani.com\/ch\/fr\/wp-json\/wp\/v2\/pages\/5654","targetHints":{"allow":["GET"]}}],"collection":[{"href":"https:\/\/toskani.com\/ch\/fr\/wp-json\/wp\/v2\/pages"}],"about":[{"href":"https:\/\/toskani.com\/ch\/fr\/wp-json\/wp\/v2\/types\/page"}],"author":[{"embeddable":true,"href":"https:\/\/toskani.com\/ch\/fr\/wp-json\/wp\/v2\/users\/1"}],"replies":[{"embeddable":true,"href":"https:\/\/toskani.com\/ch\/fr\/wp-json\/wp\/v2\/comments?post=5654"}],"version-history":[{"count":2,"href":"https:\/\/toskani.com\/ch\/fr\/wp-json\/wp\/v2\/pages\/5654\/revisions"}],"predecessor-version":[{"id":6005,"href":"https:\/\/toskani.com\/ch\/fr\/wp-json\/wp\/v2\/pages\/5654\/revisions\/6005"}],"wp:attachment":[{"href":"https:\/\/toskani.com\/ch\/fr\/wp-json\/wp\/v2\/media?parent=5654"}],"curies":[{"name":"wp","href":"https:\/\/api.w.org\/{rel}","templated":true}]}}