{"id":4271,"date":"2023-06-28T16:26:44","date_gmt":"2023-06-28T16:26:44","guid":{"rendered":"https:\/\/toskani.com\/ch\/quality-policy\/"},"modified":"2024-01-02T08:54:21","modified_gmt":"2024-01-02T08:54:21","slug":"quality-policy","status":"publish","type":"page","link":"https:\/\/toskani.com\/ch\/fr\/quality-policy\/","title":{"rendered":"Politique de qualit\u00e9"},"content":{"rendered":"<p>[vc_row][vc_column][vc_column_text]<\/p>\n<div class=\"page\" title=\"Page 1\">\n<div class=\"layoutArea\">\n<div class=\"column\">\n<p class=\"p1\"><span class=\"s1\">La direction g\u00e9n\u00e9rale de Toskani, SL d\u00e9finit son activit\u00e9 principale comme suit  la <b>conception, la fabrication et la distribution de produits cosm\u00e9tiques, de produits de beaut\u00e9 et de compl\u00e9ments alimentaires <\/b>, et les  l&#8217;<b> importation et la distribution de dispositifs m\u00e9dicaux et d&#8217;\u00e9quipements esth\u00e9tiques, <\/b>afin de fournir aux professionnels de l&#8217;esth\u00e9tique et de la m\u00e9decine les meilleurs produits et services.  des <b>produits et des traitements plus efficaces, plus s\u00fbrs <\/b>et plus <b>performants <\/b> des produits de soins de la peau de <b>qualit\u00e9 <\/b><b> <\/b>360\u00ba et de fournir \u00e0 ses clients et consommateurs la <b>formation<\/b> et les <b>connaissances <\/b>n\u00e9cessaires, en respectant toujours les r\u00e8gles de l&#8217;Union europ\u00e9enne.<span class=\"Apple-converted-space\">  <\/span>les exigences l\u00e9gales et r\u00e9glementaires applicables, contribuant ainsi \u00e0 l&#8217;<b>am\u00e9lioration de la sant\u00e9 et du bien-\u00eatre de la soci\u00e9t\u00e9<\/b>.  <\/span><\/p>\n<p class=\"p1\"><span class=\"s1\">L&#8217;objectif principal de Toskani, SL est d&#8217;\u00eatre une <b>entreprise solide, rentable et comp\u00e9titive<\/b>.  dans son secteur, en s&#8217;adaptant avec agilit\u00e9 au changement, en augmentant la r\u00e9activit\u00e9, la comp\u00e9tence technique, la cr\u00e9ativit\u00e9 et l&#8217;innovation constante, et en promouvant le respect de l&#8217;environnement, l&#8217;am\u00e9lioration continue des processus de l&#8217;organisation, la garantie de la s\u00e9curit\u00e9 de tous les membres de l&#8217;entreprise et l&#8217;am\u00e9lioration effective des conditions dans lesquelles se d\u00e9roulent les activit\u00e9s de travail.<\/span><\/p>\n<p class=\"p1\"><span class=\"s1\">La vision de Toskani est d&#8217;<b>\u00eatre<\/b> une <b>r\u00e9f\u00e9rence <\/b>sur le march\u00e9 de la m\u00e9soth\u00e9rapie transdermique, d&#8217;entrer dans le <b>circuit m\u00e9dical <\/b>par le biais de produits sp\u00e9cifiques sous la marque <b>TOSKANIMED<\/b>.<b> <\/b>et <b>atteindre la position strat\u00e9gique de leader local<\/b>. Enfin, consolider les march\u00e9s internationaux prestigieux et les volumes en d\u00e9veloppant un <b>r\u00e9seau de distribution sp\u00e9cifique <\/b>pour chaque canal, esth\u00e9tique et m\u00e9dical, align\u00e9 sur la strat\u00e9gie de <b>TOSKANI<\/b>.<\/span><\/p>\n<p class=\"p1\"><span class=\"s1\">En outre, Toskani collabore activement avec ses canaux de distribution pour <b>conna\u00eetre et comprendre les march\u00e9s <\/b>sur lesquels elle est pr\u00e9sente, en maintenant une relation et une attitude de confiance et de transparence maximales avec ses distributeurs, afin d&#8217;atteindre l&#8217;objectif commun de croissance.<\/span><\/p>\n<p class=\"p1\"><span class=\"s1\">La direction g\u00e9n\u00e9rale assume la responsabilit\u00e9 finale de la d\u00e9finition, de la mise en \u0153uvre, de la diffusion, du maintien et de la r\u00e9vision d&#8217;une politique de gestion int\u00e9gr\u00e9e de la qualit\u00e9 afin d&#8217;atteindre cet objectif.<\/span><\/p>\n<p class=\"p1\"><span class=\"s1\">En cons\u00e9quence de ce qui pr\u00e9c\u00e8de et de la promotion des valeurs de l&#8217;organisation (<b>Qualit\u00e9 et innovation, honn\u00eatet\u00e9, int\u00e9grit\u00e9 et transparence, vocation de service et d&#8217;excellence, et respect des collaborateurs<\/b>), la politique de gestion int\u00e9gr\u00e9e de la qualit\u00e9 de Toskani, SL se fonde sur les principes suivants, conform\u00e9ment aux valeurs de l&#8217;organisation :<\/span><\/p>\n<ul class=\"ul1\">\n<li class=\"li1\"><span class=\"s1\"><b>Le client est l&#8217;\u00e9l\u00e9ment essentiel et la raison d&#8217;\u00eatre de notre entreprise<\/b>; identifier et comprendre ses besoins est fondamental pour nous. Par cons\u00e9quent, toutes les activit\u00e9s d\u00e9velopp\u00e9es doivent \u00eatre con\u00e7ues et mises en \u0153uvre en vue d&#8217;atteindre cet objectif.<\/span><\/li>\n<li class=\"li1\"><span class=\"s1\"><b>La satisfaction des exigences l\u00e9gales et r\u00e9glementaires en vigueur <\/b>et autres, auxquelles Toskani, SL souscrit volontairement, en termes de qualit\u00e9, d&#8217;environnement et de s\u00e9curit\u00e9 au travail.<\/span><\/li>\n<li class=\"li1\"><span class=\"s1\"><b>La qualit\u00e9 est la t\u00e2che et la responsabilit\u00e9 de chacun<\/b>. Elle n\u00e9cessite donc une collaboration \u00e0 tous les niveaux ; l&#8217;information, la communication et la formation de tous les membres de l&#8217;organisation sont indispensables.<\/span><\/li>\n<li class=\"li1\"><span class=\"s1\"><b>La r\u00e9alisation des objectifs de l&#8217;entreprise<\/b>, ainsi que les cibles associ\u00e9es \u00e0 ces objectifs.<\/span><\/li>\n<li class=\"li1\"><span class=\"s1\">L&#8217;engagement d&#8217;offrir des produits et des services de <b>qualit\u00e9, innovants, s\u00fbrs <\/b>et <b>efficaces<\/b>.<\/span><\/li>\n<li class=\"li1\"><span class=\"s1\">Engagement \u00e0 atteindre un <b>niveau \u00e9lev\u00e9 de sant\u00e9 et de s\u00e9curit\u00e9<\/b> au travail, en int\u00e9grant la pr\u00e9vention dans toutes les activit\u00e9s de l&#8217;entreprise.<\/span><\/li>\n<li class=\"li1\"><span class=\"s1\"><b>Respect et protection de l&#8217;environnement<\/b>, par la pr\u00e9vention et la r\u00e9duction des impacts environnementaux.<\/span><\/li>\n<li class=\"li1\"><span class=\"s1\">La <b>d\u00e9tection des opportunit\u00e9s d&#8217;am\u00e9lioration<\/b> dans tous les processus de l&#8217;organisation, par le biais de r\u00e9visions p\u00e9riodiques du syst\u00e8me int\u00e9gr\u00e9 de gestion de la qualit\u00e9 qui garantissent son adaptation permanente et son ad\u00e9quation aux exigences d&#8217;un march\u00e9 de plus en plus concurrentiel et d&#8217;un environnement en constante \u00e9volution.<\/span><\/li>\n<li class=\"li1\"><span class=\"s1\">La contribution de nos fournisseurs et partenaires \u00e0 la <b>r\u00e9alisation de nos objectifs<\/b>.<\/span><\/li>\n<li class=\"li1\"><span class=\"s1\">Notre qualit\u00e9 se mesure non seulement au respect des sp\u00e9cifications et des exigences, mais aussi au <b>d\u00e9passement des attentes de nos clients<\/b> dans tous les aspects de notre activit\u00e9. La r\u00e9alisation de cet objectif garantit notre leadership sur la voie de l&#8217;excellence.<\/span><\/li>\n<\/ul>\n<p class=\"p1\"><span class=\"s1\">Avec cette politique de gestion int\u00e9gr\u00e9e de la qualit\u00e9, la direction g\u00e9n\u00e9rale de Toskani, SL \u00e9tablit un cadre de r\u00e9f\u00e9rence pour  <b>d\u00e9finir les objectifs et les buts<\/b>  avec ceux qui  <b>am\u00e9liorer continuellement la qualit\u00e9<\/b>  des produits et des services, l&#8217;environnement, la s\u00e9curit\u00e9 au travail et l&#8217;efficacit\u00e9 du syst\u00e8me int\u00e9gr\u00e9 de gestion de la qualit\u00e9 (SIGQ).<\/span><\/p>\n<p class=\"p1\"><span class=\"s1\">La Direction G\u00e9n\u00e9rale de Toskani, SL s&#8217;engage \u00e0 faire en sorte que le SIGC respecte les exigences applicables des Normes UNE-EN-ISO 9001, UNE-EN-ISO 22716 et UNE-EN-ISO 13485, et \u00e0 prendre les d\u00e9cisions n\u00e9cessaires pour garantir l&#8217;am\u00e9lioration continue de son efficacit\u00e9.<\/span><\/p>\n<p class=\"p1\"><span class=\"s1\">Le SIGC est structur\u00e9 et adapt\u00e9 \u00e0 l&#8217;activit\u00e9 sp\u00e9cifique de Toskani, SL : la <b>conception, la fabrication et la distribution de produits cosm\u00e9tiques, de produits de beaut\u00e9 et de compl\u00e9ments alimentaires <\/b>ainsi que l&#8217;<b> importation et la distribution de dispositifs m\u00e9dicaux et d&#8217;\u00e9quipements de beaut\u00e9 <\/b>et les <b>services de formation<\/b> li\u00e9s \u00e0 ses produits.  <\/span><\/p>\n<p class=\"p1\"><span class=\"s1\">La direction g\u00e9n\u00e9rale assume ces engagements et invite tous les membres de Toskani SL \u00e0 respecter cette politique et \u00e0 effectuer leur travail de mani\u00e8re \u00e0 ce que les objectifs d&#8217;am\u00e9lioration \u00e9tablis conform\u00e9ment \u00e0 cette politique puissent \u00eatre atteints.<\/span><\/p>\n<p class=\"p1\"><span class=\"s1\">La mondialisation actuelle des march\u00e9s, ainsi que la pr\u00e9sence de Toskani, SL au niveau international, poussent tous les membres de l&#8217;organisation \u00e0 agir avec la <b>m\u00eame philosophie et le m\u00eame niveau d&#8217;engagement au niveau international et national<\/b>.<\/span><\/p>\n<\/div>\n<\/div>\n<\/div>\n<p>[\/vc_column_text][\/vc_column][\/vc_row]<\/p>\n","protected":false},"excerpt":{"rendered":"<p>[vc_row][vc_column][vc_column_text] La direction g\u00e9n\u00e9rale de Toskani, SL d\u00e9finit son activit\u00e9 principale comme suit la conception, la fabrication et la distribution de produits cosm\u00e9tiques, de produits de beaut\u00e9 et de compl\u00e9ments [&hellip;]<\/p>\n","protected":false},"author":1,"featured_media":0,"parent":0,"menu_order":0,"comment_status":"closed","ping_status":"closed","template":"","meta":{"footnotes":""},"class_list":["post-4271","page","type-page","status-publish","hentry"],"acf":[],"aioseo_notices":[],"_links":{"self":[{"href":"https:\/\/toskani.com\/ch\/fr\/wp-json\/wp\/v2\/pages\/4271","targetHints":{"allow":["GET"]}}],"collection":[{"href":"https:\/\/toskani.com\/ch\/fr\/wp-json\/wp\/v2\/pages"}],"about":[{"href":"https:\/\/toskani.com\/ch\/fr\/wp-json\/wp\/v2\/types\/page"}],"author":[{"embeddable":true,"href":"https:\/\/toskani.com\/ch\/fr\/wp-json\/wp\/v2\/users\/1"}],"replies":[{"embeddable":true,"href":"https:\/\/toskani.com\/ch\/fr\/wp-json\/wp\/v2\/comments?post=4271"}],"version-history":[{"count":7,"href":"https:\/\/toskani.com\/ch\/fr\/wp-json\/wp\/v2\/pages\/4271\/revisions"}],"predecessor-version":[{"id":5854,"href":"https:\/\/toskani.com\/ch\/fr\/wp-json\/wp\/v2\/pages\/4271\/revisions\/5854"}],"wp:attachment":[{"href":"https:\/\/toskani.com\/ch\/fr\/wp-json\/wp\/v2\/media?parent=4271"}],"curies":[{"name":"wp","href":"https:\/\/api.w.org\/{rel}","templated":true}]}}