{"id":996,"date":"2023-05-17T11:47:15","date_gmt":"2023-05-17T11:47:15","guid":{"rendered":"http:\/\/toskani.wearebrave.net\/?post_type=product&#038;p=996"},"modified":"2023-07-26T11:40:32","modified_gmt":"2023-07-26T11:40:32","slug":"hyaluron-2","status":"publish","type":"product","link":"https:\/\/toskani.com\/ch\/es\/producto\/hyaluron-2\/","title":{"rendered":"Hyaluron 2"},"content":{"rendered":"<p>Soluci\u00f3n<span class=\"Apple-converted-space\">\u00a0 <\/span>con \u00e1cido hialur\u00f3nico al 2% para un efecto hidratante, revitalizante y antienvejecimiento.<\/p>\n<p>El \u00e1cido hialur\u00f3nico es una sustancia natural de la piel con una gran acci\u00f3n hidratante gracias a su alta capacidad de retenci\u00f3n de agua, hasta mil veces su peso molecular. Estimula la s\u00edntesis de col\u00e1geno, aporta elasticidad a la piel, y ayuda a prevenir la aparici\u00f3n de arrugas.<span class=\"Apple-converted-space\">\u00a0<\/span><\/p>\n","protected":false},"excerpt":{"rendered":"<p>Soluci\u00f3n\u00a0 con \u00e1cido hialur\u00f3nico al 2% para un efecto hidratante, revitalizante y antienvejecimiento. El \u00e1cido hialur\u00f3nico es una sustancia natural de la piel con una gran acci\u00f3n hidratante gracias a [&hellip;]<\/p>\n","protected":false},"featured_media":999,"template":"","meta":[],"product_cat":[29,53,59],"product_tag":[],"class_list":["post-996","product","type-product","status-publish","has-post-thumbnail","hentry","product_cat-ampollas","product_cat-antiedad","product_cat-facial"],"acf":[],"aioseo_notices":[],"_links":{"self":[{"href":"https:\/\/toskani.com\/ch\/es\/wp-json\/wp\/v2\/product\/996","targetHints":{"allow":["GET"]}}],"collection":[{"href":"https:\/\/toskani.com\/ch\/es\/wp-json\/wp\/v2\/product"}],"about":[{"href":"https:\/\/toskani.com\/ch\/es\/wp-json\/wp\/v2\/types\/product"}],"wp:featuredmedia":[{"embeddable":true,"href":"https:\/\/toskani.com\/ch\/es\/wp-json\/wp\/v2\/media\/999"}],"wp:attachment":[{"href":"https:\/\/toskani.com\/ch\/es\/wp-json\/wp\/v2\/media?parent=996"}],"wp:term":[{"taxonomy":"product_cat","embeddable":true,"href":"https:\/\/toskani.com\/ch\/es\/wp-json\/wp\/v2\/product_cat?post=996"},{"taxonomy":"product_tag","embeddable":true,"href":"https:\/\/toskani.com\/ch\/es\/wp-json\/wp\/v2\/product_tag?post=996"}],"curies":[{"name":"wp","href":"https:\/\/api.w.org\/{rel}","templated":true}]}}