{"id":984,"date":"2023-05-17T11:40:39","date_gmt":"2023-05-17T11:40:39","guid":{"rendered":"http:\/\/toskani.wearebrave.net\/?post_type=product&#038;p=984"},"modified":"2023-07-26T11:37:01","modified_gmt":"2023-07-26T11:37:01","slug":"glutamax-c","status":"publish","type":"product","link":"https:\/\/toskani.com\/ch\/es\/producto\/glutamax-c\/","title":{"rendered":"Glutamax C"},"content":{"rendered":"<p>Soluci\u00f3n antioxidante. Glutamax C es un c\u00f3ctel revolucionario a base de glutati\u00f3n, vitamina C y vitamina E que neutraliza los radicales libres, responsables del envejecimiento prematuro de la piel por estr\u00e9s oxidativo, reduce la aparici\u00f3n de hiperpigmentaciones oscuras y revela un tono de piel m\u00e1s uniforme y brillante.<span class=\"Apple-converted-space\">\u00a0<\/span><\/p>\n","protected":false},"excerpt":{"rendered":"<p>Soluci\u00f3n antioxidante. Glutamax C es un c\u00f3ctel revolucionario a base de glutati\u00f3n, vitamina C y vitamina E que neutraliza los radicales libres, responsables del envejecimiento prematuro de la piel por [&hellip;]<\/p>\n","protected":false},"featured_media":985,"template":"","meta":[],"product_cat":[29,59,61],"product_tag":[],"class_list":["post-984","product","type-product","status-publish","has-post-thumbnail","hentry","product_cat-ampollas","product_cat-facial","product_cat-proteccion"],"acf":[],"aioseo_notices":[],"_links":{"self":[{"href":"https:\/\/toskani.com\/ch\/es\/wp-json\/wp\/v2\/product\/984","targetHints":{"allow":["GET"]}}],"collection":[{"href":"https:\/\/toskani.com\/ch\/es\/wp-json\/wp\/v2\/product"}],"about":[{"href":"https:\/\/toskani.com\/ch\/es\/wp-json\/wp\/v2\/types\/product"}],"wp:featuredmedia":[{"embeddable":true,"href":"https:\/\/toskani.com\/ch\/es\/wp-json\/wp\/v2\/media\/985"}],"wp:attachment":[{"href":"https:\/\/toskani.com\/ch\/es\/wp-json\/wp\/v2\/media?parent=984"}],"wp:term":[{"taxonomy":"product_cat","embeddable":true,"href":"https:\/\/toskani.com\/ch\/es\/wp-json\/wp\/v2\/product_cat?post=984"},{"taxonomy":"product_tag","embeddable":true,"href":"https:\/\/toskani.com\/ch\/es\/wp-json\/wp\/v2\/product_tag?post=984"}],"curies":[{"name":"wp","href":"https:\/\/api.w.org\/{rel}","templated":true}]}}