{"id":981,"date":"2023-05-17T11:38:34","date_gmt":"2023-05-17T11:38:34","guid":{"rendered":"http:\/\/toskani.wearebrave.net\/?post_type=product&#038;p=981"},"modified":"2023-07-26T11:35:04","modified_gmt":"2023-07-26T11:35:04","slug":"dm-silk","status":"publish","type":"product","link":"https:\/\/toskani.com\/ch\/es\/producto\/dm-silk\/","title":{"rendered":"DM-Silk"},"content":{"rendered":"<p>Ampollas monodosis con efecto reafirmante. Su composici\u00f3n a base de silicio org\u00e1nico y DMAE mejora la s\u00edntesis de col\u00e1geno y elastina, regula la hidrataci\u00f3n, y ayuda a recuperar la firmeza, la elasticidad y la flexibilidad de la piel.<span class=\"Apple-converted-space\">\u00a0<\/span><\/p>\n<p>El pack contiene 20 ampollas de 5 ml.<span class=\"Apple-converted-space\">\u00a0<\/span><\/p>\n","protected":false},"excerpt":{"rendered":"<p>Ampollas monodosis con efecto reafirmante. Su composici\u00f3n a base de silicio org\u00e1nico y DMAE mejora la s\u00edntesis de col\u00e1geno y elastina, regula la hidrataci\u00f3n, y ayuda a recuperar la firmeza, [&hellip;]<\/p>\n","protected":false},"featured_media":982,"template":"","meta":[],"product_cat":[29,53,59],"product_tag":[],"class_list":["post-981","product","type-product","status-publish","has-post-thumbnail","hentry","product_cat-ampollas","product_cat-antiedad","product_cat-facial"],"acf":[],"aioseo_notices":[],"_links":{"self":[{"href":"https:\/\/toskani.com\/ch\/es\/wp-json\/wp\/v2\/product\/981","targetHints":{"allow":["GET"]}}],"collection":[{"href":"https:\/\/toskani.com\/ch\/es\/wp-json\/wp\/v2\/product"}],"about":[{"href":"https:\/\/toskani.com\/ch\/es\/wp-json\/wp\/v2\/types\/product"}],"wp:featuredmedia":[{"embeddable":true,"href":"https:\/\/toskani.com\/ch\/es\/wp-json\/wp\/v2\/media\/982"}],"wp:attachment":[{"href":"https:\/\/toskani.com\/ch\/es\/wp-json\/wp\/v2\/media?parent=981"}],"wp:term":[{"taxonomy":"product_cat","embeddable":true,"href":"https:\/\/toskani.com\/ch\/es\/wp-json\/wp\/v2\/product_cat?post=981"},{"taxonomy":"product_tag","embeddable":true,"href":"https:\/\/toskani.com\/ch\/es\/wp-json\/wp\/v2\/product_tag?post=981"}],"curies":[{"name":"wp","href":"https:\/\/api.w.org\/{rel}","templated":true}]}}