{"id":969,"date":"2023-05-17T11:14:20","date_gmt":"2023-05-17T11:14:20","guid":{"rendered":"http:\/\/toskani.wearebrave.net\/?post_type=product&#038;p=969"},"modified":"2023-07-26T11:27:47","modified_gmt":"2023-07-26T11:27:47","slug":"ascormax","status":"publish","type":"product","link":"https:\/\/toskani.com\/ch\/es\/producto\/ascormax\/","title":{"rendered":"Ascormax"},"content":{"rendered":"<p class=\"p1\">Ascormax es una soluci\u00f3n de \u00e1cido asc\u00f3rbico (vitamina C) desarrollada por TOSKANI con potente efecto antioxidante que disminuye la tasa de da\u00f1o por radicales libres en la piel<\/p>\n<p class=\"p1\"><span class=\"s1\">El pack contiene 5 viales de 5 ml. <\/span><\/p>\n","protected":false},"excerpt":{"rendered":"<p>Ascormax es una soluci\u00f3n de \u00e1cido asc\u00f3rbico (vitamina C) desarrollada por TOSKANI con potente efecto antioxidante que disminuye la tasa de da\u00f1o por radicales libres en la piel El pack [&hellip;]<\/p>\n","protected":false},"featured_media":972,"template":"","meta":[],"product_cat":[29,59,61],"product_tag":[],"class_list":["post-969","product","type-product","status-publish","has-post-thumbnail","hentry","product_cat-ampollas","product_cat-facial","product_cat-proteccion"],"acf":[],"aioseo_notices":[],"_links":{"self":[{"href":"https:\/\/toskani.com\/ch\/es\/wp-json\/wp\/v2\/product\/969","targetHints":{"allow":["GET"]}}],"collection":[{"href":"https:\/\/toskani.com\/ch\/es\/wp-json\/wp\/v2\/product"}],"about":[{"href":"https:\/\/toskani.com\/ch\/es\/wp-json\/wp\/v2\/types\/product"}],"wp:featuredmedia":[{"embeddable":true,"href":"https:\/\/toskani.com\/ch\/es\/wp-json\/wp\/v2\/media\/972"}],"wp:attachment":[{"href":"https:\/\/toskani.com\/ch\/es\/wp-json\/wp\/v2\/media?parent=969"}],"wp:term":[{"taxonomy":"product_cat","embeddable":true,"href":"https:\/\/toskani.com\/ch\/es\/wp-json\/wp\/v2\/product_cat?post=969"},{"taxonomy":"product_tag","embeddable":true,"href":"https:\/\/toskani.com\/ch\/es\/wp-json\/wp\/v2\/product_tag?post=969"}],"curies":[{"name":"wp","href":"https:\/\/api.w.org\/{rel}","templated":true}]}}