{"id":956,"date":"2023-05-17T10:50:49","date_gmt":"2023-05-17T10:50:49","guid":{"rendered":"http:\/\/toskani.wearebrave.net\/?post_type=product&#038;p=956"},"modified":"2023-07-26T11:28:52","modified_gmt":"2023-07-26T11:28:52","slug":"b-hidroxin","status":"publish","type":"product","link":"https:\/\/toskani.com\/ch\/es\/producto\/b-hidroxin\/","title":{"rendered":"B-Hidroxin"},"content":{"rendered":"<p>Ampollas monodosis de biotina (vitamina B8) para el fortalecimiento de cabello.<\/p>\n<p>La mala alimentaci\u00f3n, el estr\u00e9s o el cambio estacional pueden provocar deficiencia de biotina, que se traduce en debilidad y p\u00e9rdida de cabello, y u\u00f1as quebradizas. La falta de biotina tambi\u00e9n puede manifestarse en la piel en forma de acn\u00e9, eccemas seborreicos o dermatitis exfoliativa. Las ampollas de biotina act\u00faan como revitalizante, fortaleciendo el cabello y las u\u00f1as, y mejorando su aspecto.<span class=\"Apple-converted-space\">\u00a0<\/span><\/p>\n<p>El pack contiene 20 ampollas de 2 ml.<span class=\"Apple-converted-space\">\u00a0<\/span><\/p>\n","protected":false},"excerpt":{"rendered":"<p>Ampollas monodosis de biotina (vitamina B8) para el fortalecimiento de cabello. La mala alimentaci\u00f3n, el estr\u00e9s o el cambio estacional pueden provocar deficiencia de biotina, que se traduce en debilidad [&hellip;]<\/p>\n","protected":false},"featured_media":957,"template":"","meta":[],"product_cat":[29,65],"product_tag":[],"class_list":["post-956","product","type-product","status-publish","has-post-thumbnail","hentry","product_cat-ampollas","product_cat-capilar"],"acf":[],"aioseo_notices":[],"_links":{"self":[{"href":"https:\/\/toskani.com\/ch\/es\/wp-json\/wp\/v2\/product\/956","targetHints":{"allow":["GET"]}}],"collection":[{"href":"https:\/\/toskani.com\/ch\/es\/wp-json\/wp\/v2\/product"}],"about":[{"href":"https:\/\/toskani.com\/ch\/es\/wp-json\/wp\/v2\/types\/product"}],"wp:featuredmedia":[{"embeddable":true,"href":"https:\/\/toskani.com\/ch\/es\/wp-json\/wp\/v2\/media\/957"}],"wp:attachment":[{"href":"https:\/\/toskani.com\/ch\/es\/wp-json\/wp\/v2\/media?parent=956"}],"wp:term":[{"taxonomy":"product_cat","embeddable":true,"href":"https:\/\/toskani.com\/ch\/es\/wp-json\/wp\/v2\/product_cat?post=956"},{"taxonomy":"product_tag","embeddable":true,"href":"https:\/\/toskani.com\/ch\/es\/wp-json\/wp\/v2\/product_tag?post=956"}],"curies":[{"name":"wp","href":"https:\/\/api.w.org\/{rel}","templated":true}]}}