{"id":793,"date":"2023-03-07T11:15:50","date_gmt":"2023-03-07T11:15:50","guid":{"rendered":"http:\/\/toskani.wearebrave.net\/?post_type=product&#038;p=793"},"modified":"2023-07-26T11:29:15","modified_gmt":"2023-07-26T11:29:15","slug":"bamboo-hydratonic","status":"publish","type":"product","link":"https:\/\/toskani.com\/ch\/es\/producto\/bamboo-hydratonic\/","title":{"rendered":"Bamboo hydratonic"},"content":{"rendered":"<p>T\u00f3nico facial hidratante y micro-exfoliante.<\/p>\n<p>Bamboo hydratonic completa la rutina de limpieza de la piel y proporciona una suave exfoliaci\u00f3n que elimina restos de impurezas y c\u00e9lulas muertas, a la vez que acelera la renovaci\u00f3n celular. Es un t\u00f3nico fresco, suavemente perfumado y libre de alcohol, con extracto de aloe vera de propiedades calmantes y reparadoras, que aporta una sensaci\u00f3n de limpieza y frescor. Tonifica y reequilibra las funciones de la piel, y la prepara para la aplicaci\u00f3n de cosm\u00e9ticos a continuaci\u00f3n.<span class=\"Apple-converted-space\">\u00a0<\/span><\/p>\n","protected":false},"excerpt":{"rendered":"<p>T\u00f3nico facial hidratante y micro-exfoliante. Bamboo hydratonic completa la rutina de limpieza de la piel y proporciona una suave exfoliaci\u00f3n que elimina restos de impurezas y c\u00e9lulas muertas, a la [&hellip;]<\/p>\n","protected":false},"featured_media":794,"template":"","meta":[],"product_cat":[71,59,58],"product_tag":[],"class_list":["post-793","product","type-product","status-publish","has-post-thumbnail","hentry","product_cat-exfoliante","product_cat-facial","product_cat-higiene"],"acf":[],"aioseo_notices":[],"_links":{"self":[{"href":"https:\/\/toskani.com\/ch\/es\/wp-json\/wp\/v2\/product\/793","targetHints":{"allow":["GET"]}}],"collection":[{"href":"https:\/\/toskani.com\/ch\/es\/wp-json\/wp\/v2\/product"}],"about":[{"href":"https:\/\/toskani.com\/ch\/es\/wp-json\/wp\/v2\/types\/product"}],"wp:featuredmedia":[{"embeddable":true,"href":"https:\/\/toskani.com\/ch\/es\/wp-json\/wp\/v2\/media\/794"}],"wp:attachment":[{"href":"https:\/\/toskani.com\/ch\/es\/wp-json\/wp\/v2\/media?parent=793"}],"wp:term":[{"taxonomy":"product_cat","embeddable":true,"href":"https:\/\/toskani.com\/ch\/es\/wp-json\/wp\/v2\/product_cat?post=793"},{"taxonomy":"product_tag","embeddable":true,"href":"https:\/\/toskani.com\/ch\/es\/wp-json\/wp\/v2\/product_tag?post=793"}],"curies":[{"name":"wp","href":"https:\/\/api.w.org\/{rel}","templated":true}]}}