{"id":790,"date":"2023-03-07T11:09:22","date_gmt":"2023-03-07T11:09:22","guid":{"rendered":"http:\/\/toskani.wearebrave.net\/?post_type=product&#038;p=790"},"modified":"2023-07-26T11:54:21","modified_gmt":"2023-07-26T11:54:21","slug":"salisome-duo","status":"publish","type":"product","link":"https:\/\/toskani.com\/ch\/es\/producto\/salisome-duo\/","title":{"rendered":"Salisome Duo"},"content":{"rendered":"<p>Peeling qu\u00edmico liposomado a base de \u00e1cido salic\u00edlico. Renueva y mejora el aspecto de las pieles grasas con tendencia acneica. Gracias a una innovadora tecnolog\u00eda de \u00e1cido encapsulado en liposomas ofrece todas las ventajas de un peeling qu\u00edmico, con resultados inmediatos, pero sin las irritaciones postratamiento.<span class=\"Apple-converted-space\">\u00a0<\/span><\/p>\n<p>La caja contiene 10 estuches de 5 perlas de 1 ml.<span class=\"Apple-converted-space\">\u00a0<\/span><\/p>\n","protected":false},"excerpt":{"rendered":"<p>Peeling qu\u00edmico liposomado a base de \u00e1cido salic\u00edlico. Renueva y mejora el aspecto de las pieles grasas con tendencia acneica. Gracias a una innovadora tecnolog\u00eda de \u00e1cido encapsulado en liposomas [&hellip;]<\/p>\n","protected":false},"featured_media":2722,"template":"","meta":[],"product_cat":[56,71,59],"product_tag":[],"class_list":["post-790","product","type-product","status-publish","has-post-thumbnail","hentry","product_cat-anti-acne","product_cat-exfoliante","product_cat-facial"],"acf":[],"aioseo_notices":[],"_links":{"self":[{"href":"https:\/\/toskani.com\/ch\/es\/wp-json\/wp\/v2\/product\/790","targetHints":{"allow":["GET"]}}],"collection":[{"href":"https:\/\/toskani.com\/ch\/es\/wp-json\/wp\/v2\/product"}],"about":[{"href":"https:\/\/toskani.com\/ch\/es\/wp-json\/wp\/v2\/types\/product"}],"wp:featuredmedia":[{"embeddable":true,"href":"https:\/\/toskani.com\/ch\/es\/wp-json\/wp\/v2\/media\/2722"}],"wp:attachment":[{"href":"https:\/\/toskani.com\/ch\/es\/wp-json\/wp\/v2\/media?parent=790"}],"wp:term":[{"taxonomy":"product_cat","embeddable":true,"href":"https:\/\/toskani.com\/ch\/es\/wp-json\/wp\/v2\/product_cat?post=790"},{"taxonomy":"product_tag","embeddable":true,"href":"https:\/\/toskani.com\/ch\/es\/wp-json\/wp\/v2\/product_tag?post=790"}],"curies":[{"name":"wp","href":"https:\/\/api.w.org\/{rel}","templated":true}]}}