{"id":783,"date":"2023-03-07T10:57:44","date_gmt":"2023-03-07T10:57:44","guid":{"rendered":"http:\/\/toskani.wearebrave.net\/?post_type=product&#038;p=783"},"modified":"2023-07-26T11:42:10","modified_gmt":"2023-07-26T11:42:10","slug":"lactisome-duo","status":"publish","type":"product","link":"https:\/\/toskani.com\/ch\/es\/producto\/lactisome-duo\/","title":{"rendered":"Lactisome Duo"},"content":{"rendered":"<p>Peeling para la mejora del aspecto de las pieles sensibles a base de \u00e1cido l\u00e1ctico, Mejora la firmeza, suaviza la textura y aten\u00faa el aspecto de arrugas y l\u00edneas finas de la piel.<span class=\"Apple-converted-space\">\u00a0<\/span><\/p>\n<p>Lactisome Duo utiliza una innovadora tecnolog\u00eda de \u00e1cido encapsulado en liposomas que permite ofrecer todas las ventajas de un peeling qu\u00edmico, con resultados inmediatos, pero sin las irritaciones postratamiento.<span class=\"Apple-converted-space\">\u00a0<\/span><\/p>\n<p>La caja contiene 10 estuches de 5 perlas de 1 ml.<span class=\"Apple-converted-space\">\u00a0<\/span><\/p>\n","protected":false},"excerpt":{"rendered":"<p>Peeling para la mejora del aspecto de las pieles sensibles a base de \u00e1cido l\u00e1ctico, Mejora la firmeza, suaviza la textura y aten\u00faa el aspecto de arrugas y l\u00edneas finas [&hellip;]<\/p>\n","protected":false},"featured_media":2718,"template":"","meta":[],"product_cat":[71,59,51],"product_tag":[],"class_list":["post-783","product","type-product","status-publish","has-post-thumbnail","hentry","product_cat-exfoliante","product_cat-facial","product_cat-reparar"],"acf":[],"aioseo_notices":[],"_links":{"self":[{"href":"https:\/\/toskani.com\/ch\/es\/wp-json\/wp\/v2\/product\/783","targetHints":{"allow":["GET"]}}],"collection":[{"href":"https:\/\/toskani.com\/ch\/es\/wp-json\/wp\/v2\/product"}],"about":[{"href":"https:\/\/toskani.com\/ch\/es\/wp-json\/wp\/v2\/types\/product"}],"wp:featuredmedia":[{"embeddable":true,"href":"https:\/\/toskani.com\/ch\/es\/wp-json\/wp\/v2\/media\/2718"}],"wp:attachment":[{"href":"https:\/\/toskani.com\/ch\/es\/wp-json\/wp\/v2\/media?parent=783"}],"wp:term":[{"taxonomy":"product_cat","embeddable":true,"href":"https:\/\/toskani.com\/ch\/es\/wp-json\/wp\/v2\/product_cat?post=783"},{"taxonomy":"product_tag","embeddable":true,"href":"https:\/\/toskani.com\/ch\/es\/wp-json\/wp\/v2\/product_tag?post=783"}],"curies":[{"name":"wp","href":"https:\/\/api.w.org\/{rel}","templated":true}]}}