{"id":765,"date":"2023-03-07T10:22:22","date_gmt":"2023-03-07T10:22:22","guid":{"rendered":"http:\/\/toskani.wearebrave.net\/?post_type=product&#038;p=765"},"modified":"2025-10-06T15:44:42","modified_gmt":"2025-10-06T15:44:42","slug":"mesolift-cocktail","status":"publish","type":"product","link":"https:\/\/toskani.com\/ch\/es\/producto\/mesolift-cocktail\/","title":{"rendered":"Mesolift Cocktail"},"content":{"rendered":"<p>Soluci\u00f3n reafirmante intensiva para combatir la flacidez cut\u00e1nea y los efectos del envejecimiento. Mejora la apariencia de arrugas leves y moderadas, a la vez que aporta hidrataci\u00f3n y proporciona a la piel un efecto tensor.<\/p>\n","protected":false},"excerpt":{"rendered":"<p>Soluci\u00f3n reafirmante intensiva para combatir la flacidez cut\u00e1nea y los efectos del envejecimiento. Mejora la apariencia de arrugas leves y moderadas, a la vez que aporta hidrataci\u00f3n y proporciona a [&hellip;]<\/p>\n","protected":false},"featured_media":766,"template":"","meta":[],"product_cat":[53,57,54,59],"product_tag":[],"class_list":["post-765","product","type-product","status-publish","has-post-thumbnail","hentry","product_cat-antiedad","product_cat-cocktails","product_cat-corporal","product_cat-facial"],"acf":[],"aioseo_notices":[],"_links":{"self":[{"href":"https:\/\/toskani.com\/ch\/es\/wp-json\/wp\/v2\/product\/765","targetHints":{"allow":["GET"]}}],"collection":[{"href":"https:\/\/toskani.com\/ch\/es\/wp-json\/wp\/v2\/product"}],"about":[{"href":"https:\/\/toskani.com\/ch\/es\/wp-json\/wp\/v2\/types\/product"}],"wp:featuredmedia":[{"embeddable":true,"href":"https:\/\/toskani.com\/ch\/es\/wp-json\/wp\/v2\/media\/766"}],"wp:attachment":[{"href":"https:\/\/toskani.com\/ch\/es\/wp-json\/wp\/v2\/media?parent=765"}],"wp:term":[{"taxonomy":"product_cat","embeddable":true,"href":"https:\/\/toskani.com\/ch\/es\/wp-json\/wp\/v2\/product_cat?post=765"},{"taxonomy":"product_tag","embeddable":true,"href":"https:\/\/toskani.com\/ch\/es\/wp-json\/wp\/v2\/product_tag?post=765"}],"curies":[{"name":"wp","href":"https:\/\/api.w.org\/{rel}","templated":true}]}}