{"id":753,"date":"2023-03-07T10:10:49","date_gmt":"2023-03-07T10:10:49","guid":{"rendered":"http:\/\/toskani.wearebrave.net\/?post_type=product&#038;p=753"},"modified":"2025-10-06T15:47:33","modified_gmt":"2025-10-06T15:47:33","slug":"antiaging-cocktail","status":"publish","type":"product","link":"https:\/\/toskani.com\/ch\/es\/producto\/antiaging-cocktail\/","title":{"rendered":"Antiaging cocktail"},"content":{"rendered":"<p>Soluci\u00f3n rejuvenecedora de acci\u00f3n intensiva que proporciona un potente efecto hidratante y rejuvenecedor. Su combinaci\u00f3n de activos mejora la apariencia de las arrugas y aporta a la piel un efecto y tensor.<\/p>\n","protected":false},"excerpt":{"rendered":"<p>Soluci\u00f3n rejuvenecedora de acci\u00f3n intensiva que proporciona un potente efecto hidratante y rejuvenecedor. Su combinaci\u00f3n de activos mejora la apariencia de las arrugas y aporta a la piel un efecto [&hellip;]<\/p>\n","protected":false},"featured_media":754,"template":"","meta":[],"product_cat":[53,57,54,59],"product_tag":[],"class_list":["post-753","product","type-product","status-publish","has-post-thumbnail","hentry","product_cat-antiedad","product_cat-cocktails","product_cat-corporal","product_cat-facial"],"acf":[],"aioseo_notices":[],"_links":{"self":[{"href":"https:\/\/toskani.com\/ch\/es\/wp-json\/wp\/v2\/product\/753","targetHints":{"allow":["GET"]}}],"collection":[{"href":"https:\/\/toskani.com\/ch\/es\/wp-json\/wp\/v2\/product"}],"about":[{"href":"https:\/\/toskani.com\/ch\/es\/wp-json\/wp\/v2\/types\/product"}],"wp:featuredmedia":[{"embeddable":true,"href":"https:\/\/toskani.com\/ch\/es\/wp-json\/wp\/v2\/media\/754"}],"wp:attachment":[{"href":"https:\/\/toskani.com\/ch\/es\/wp-json\/wp\/v2\/media?parent=753"}],"wp:term":[{"taxonomy":"product_cat","embeddable":true,"href":"https:\/\/toskani.com\/ch\/es\/wp-json\/wp\/v2\/product_cat?post=753"},{"taxonomy":"product_tag","embeddable":true,"href":"https:\/\/toskani.com\/ch\/es\/wp-json\/wp\/v2\/product_tag?post=753"}],"curies":[{"name":"wp","href":"https:\/\/api.w.org\/{rel}","templated":true}]}}