{"id":714,"date":"2023-03-06T16:25:38","date_gmt":"2023-03-06T16:25:38","guid":{"rendered":"http:\/\/toskani.wearebrave.net\/?post_type=product&#038;p=714"},"modified":"2023-07-26T11:43:05","modified_gmt":"2023-07-26T11:43:05","slug":"lipo-proteoglycans-ampoule","status":"publish","type":"product","link":"https:\/\/toskani.com\/ch\/es\/producto\/lipo-proteoglycans-ampoule\/","title":{"rendered":"Lipo Proteoglycans Ampoule"},"content":{"rendered":"<p>Soluci\u00f3n intensiva de uso diario con acci\u00f3n hidratante y reparadora. Contiene vitaminas liposomadas y proteoglicanos que estimulan la producci\u00f3n de col\u00e1geno y ayudan a atenuar los signos visibles del envejecimiento cut\u00e1neo. La piel se ve m\u00e1s luminosa y con mejor aspecto. A largo plazo, ayuda a suavizar el aspecto de arrugas y l\u00edneas finas.<\/p>\n<p>El pack contiene 15 ampollas de 2 ml.<span class=\"Apple-converted-space\">\u00a0<\/span><\/p>\n","protected":false},"excerpt":{"rendered":"<p>Soluci\u00f3n intensiva de uso diario con acci\u00f3n hidratante y reparadora. Contiene vitaminas liposomadas y proteoglicanos que estimulan la producci\u00f3n de col\u00e1geno y ayudan a atenuar los signos visibles del envejecimiento [&hellip;]<\/p>\n","protected":false},"featured_media":805,"template":"","meta":[],"product_cat":[29,53,59],"product_tag":[],"class_list":["post-714","product","type-product","status-publish","has-post-thumbnail","hentry","product_cat-ampollas","product_cat-antiedad","product_cat-facial"],"acf":[],"aioseo_notices":[],"_links":{"self":[{"href":"https:\/\/toskani.com\/ch\/es\/wp-json\/wp\/v2\/product\/714","targetHints":{"allow":["GET"]}}],"collection":[{"href":"https:\/\/toskani.com\/ch\/es\/wp-json\/wp\/v2\/product"}],"about":[{"href":"https:\/\/toskani.com\/ch\/es\/wp-json\/wp\/v2\/types\/product"}],"wp:featuredmedia":[{"embeddable":true,"href":"https:\/\/toskani.com\/ch\/es\/wp-json\/wp\/v2\/media\/805"}],"wp:attachment":[{"href":"https:\/\/toskani.com\/ch\/es\/wp-json\/wp\/v2\/media?parent=714"}],"wp:term":[{"taxonomy":"product_cat","embeddable":true,"href":"https:\/\/toskani.com\/ch\/es\/wp-json\/wp\/v2\/product_cat?post=714"},{"taxonomy":"product_tag","embeddable":true,"href":"https:\/\/toskani.com\/ch\/es\/wp-json\/wp\/v2\/product_tag?post=714"}],"curies":[{"name":"wp","href":"https:\/\/api.w.org\/{rel}","templated":true}]}}