{"id":711,"date":"2023-03-06T16:20:09","date_gmt":"2023-03-06T16:20:09","guid":{"rendered":"http:\/\/toskani.wearebrave.net\/?post_type=product&#038;p=711"},"modified":"2025-10-06T15:48:26","modified_gmt":"2025-10-06T15:48:26","slug":"fb-plus","status":"publish","type":"product","link":"https:\/\/toskani.com\/ch\/es\/producto\/fb-plus\/","title":{"rendered":"FB Plus"},"content":{"rendered":"<p>Complemento alimenticio potenciador de energ\u00eda y metabolismo. Ayuda a movilizar las grasas para su adecuada utilizaci\u00f3n por las c\u00e9lulas en el metabolismo energ\u00e9tico. Maximiza los resultados de los procedimientos est\u00e9ticos corporales.<\/p>\n<p>El pack contiene 20 viales de 10 ml.<span class=\"Apple-converted-space\">\u00a0<\/span><\/p>\n","protected":false},"excerpt":{"rendered":"<p>Complemento alimenticio potenciador de energ\u00eda y metabolismo. Ayuda a movilizar las grasas para su adecuada utilizaci\u00f3n por las c\u00e9lulas en el metabolismo energ\u00e9tico. Maximiza los resultados de los procedimientos est\u00e9ticos [&hellip;]<\/p>\n","protected":false},"featured_media":712,"template":"","meta":[],"product_cat":[57,54],"product_tag":[],"class_list":["post-711","product","type-product","status-publish","has-post-thumbnail","hentry","product_cat-cocktails","product_cat-corporal"],"acf":[],"aioseo_notices":[],"_links":{"self":[{"href":"https:\/\/toskani.com\/ch\/es\/wp-json\/wp\/v2\/product\/711","targetHints":{"allow":["GET"]}}],"collection":[{"href":"https:\/\/toskani.com\/ch\/es\/wp-json\/wp\/v2\/product"}],"about":[{"href":"https:\/\/toskani.com\/ch\/es\/wp-json\/wp\/v2\/types\/product"}],"wp:featuredmedia":[{"embeddable":true,"href":"https:\/\/toskani.com\/ch\/es\/wp-json\/wp\/v2\/media\/712"}],"wp:attachment":[{"href":"https:\/\/toskani.com\/ch\/es\/wp-json\/wp\/v2\/media?parent=711"}],"wp:term":[{"taxonomy":"product_cat","embeddable":true,"href":"https:\/\/toskani.com\/ch\/es\/wp-json\/wp\/v2\/product_cat?post=711"},{"taxonomy":"product_tag","embeddable":true,"href":"https:\/\/toskani.com\/ch\/es\/wp-json\/wp\/v2\/product_tag?post=711"}],"curies":[{"name":"wp","href":"https:\/\/api.w.org\/{rel}","templated":true}]}}