{"id":708,"date":"2023-03-06T16:14:36","date_gmt":"2023-03-06T16:14:36","guid":{"rendered":"http:\/\/toskani.wearebrave.net\/?post_type=product&#038;p=708"},"modified":"2025-10-06T15:48:55","modified_gmt":"2025-10-06T15:48:55","slug":"artichoke-plus","status":"publish","type":"product","link":"https:\/\/toskani.com\/ch\/es\/producto\/artichoke-plus\/","title":{"rendered":"Artichoke Plus"},"content":{"rendered":"<p>Complemento alimenticio con propiedades depurativas y detoxificantes. Ayuda a combatir y prevenir la retenci\u00f3n de l\u00edquidos y la sensaci\u00f3n de hinchaz\u00f3n. Ayuda a maximizar los resultados de los procedimientos est\u00e9ticos corporales.<\/p>\n<p>El pack contiene 14 viales de 10 ml.<\/p>\n","protected":false},"excerpt":{"rendered":"<p>Complemento alimenticio con propiedades depurativas y detoxificantes. Ayuda a combatir y prevenir la retenci\u00f3n de l\u00edquidos y la sensaci\u00f3n de hinchaz\u00f3n. Ayuda a maximizar los resultados de los procedimientos est\u00e9ticos [&hellip;]<\/p>\n","protected":false},"featured_media":709,"template":"","meta":[],"product_cat":[57,54],"product_tag":[],"class_list":["post-708","product","type-product","status-publish","has-post-thumbnail","hentry","product_cat-cocktails","product_cat-corporal"],"acf":[],"aioseo_notices":[],"_links":{"self":[{"href":"https:\/\/toskani.com\/ch\/es\/wp-json\/wp\/v2\/product\/708","targetHints":{"allow":["GET"]}}],"collection":[{"href":"https:\/\/toskani.com\/ch\/es\/wp-json\/wp\/v2\/product"}],"about":[{"href":"https:\/\/toskani.com\/ch\/es\/wp-json\/wp\/v2\/types\/product"}],"wp:featuredmedia":[{"embeddable":true,"href":"https:\/\/toskani.com\/ch\/es\/wp-json\/wp\/v2\/media\/709"}],"wp:attachment":[{"href":"https:\/\/toskani.com\/ch\/es\/wp-json\/wp\/v2\/media?parent=708"}],"wp:term":[{"taxonomy":"product_cat","embeddable":true,"href":"https:\/\/toskani.com\/ch\/es\/wp-json\/wp\/v2\/product_cat?post=708"},{"taxonomy":"product_tag","embeddable":true,"href":"https:\/\/toskani.com\/ch\/es\/wp-json\/wp\/v2\/product_tag?post=708"}],"curies":[{"name":"wp","href":"https:\/\/api.w.org\/{rel}","templated":true}]}}