{"id":692,"date":"2023-03-06T15:32:43","date_gmt":"2023-03-06T15:32:43","guid":{"rendered":"http:\/\/toskani.wearebrave.net\/?post_type=product&#038;p=692"},"modified":"2023-07-26T11:24:03","modified_gmt":"2023-07-26T11:24:03","slug":"anti-ageing-ha-ampoule","status":"publish","type":"product","link":"https:\/\/toskani.com\/ch\/es\/producto\/anti-ageing-ha-ampoule\/","title":{"rendered":"Anti-ageing + HA Ampoule"},"content":{"rendered":"<p>Soluci\u00f3n intensiva de uso diario para combatir los signos de envejecimiento. La f\u00f3rmula a base de \u00e1cido hialur\u00f3nico, probi\u00f3ticos y p\u00e9ptidos aporta hidrataci\u00f3n inmediata, a la vez que ayuda a atenuar la apariencia de arrugas y signos de fatiga. La piel se ve m\u00e1s tersa, joven y luminosa.<span class=\"Apple-converted-space\">\u00a0<\/span><\/p>\n<p>El pack contiene 15 ampollas de 2 ml.<span class=\"Apple-converted-space\">\u00a0<\/span><\/p>\n","protected":false},"excerpt":{"rendered":"<p>Soluci\u00f3n intensiva de uso diario para combatir los signos de envejecimiento. La f\u00f3rmula a base de \u00e1cido hialur\u00f3nico, probi\u00f3ticos y p\u00e9ptidos aporta hidrataci\u00f3n inmediata, a la vez que ayuda a [&hellip;]<\/p>\n","protected":false},"featured_media":704,"template":"","meta":[],"product_cat":[29,53,59],"product_tag":[],"class_list":["post-692","product","type-product","status-publish","has-post-thumbnail","hentry","product_cat-ampollas","product_cat-antiedad","product_cat-facial"],"acf":[],"aioseo_notices":[],"_links":{"self":[{"href":"https:\/\/toskani.com\/ch\/es\/wp-json\/wp\/v2\/product\/692","targetHints":{"allow":["GET"]}}],"collection":[{"href":"https:\/\/toskani.com\/ch\/es\/wp-json\/wp\/v2\/product"}],"about":[{"href":"https:\/\/toskani.com\/ch\/es\/wp-json\/wp\/v2\/types\/product"}],"wp:featuredmedia":[{"embeddable":true,"href":"https:\/\/toskani.com\/ch\/es\/wp-json\/wp\/v2\/media\/704"}],"wp:attachment":[{"href":"https:\/\/toskani.com\/ch\/es\/wp-json\/wp\/v2\/media?parent=692"}],"wp:term":[{"taxonomy":"product_cat","embeddable":true,"href":"https:\/\/toskani.com\/ch\/es\/wp-json\/wp\/v2\/product_cat?post=692"},{"taxonomy":"product_tag","embeddable":true,"href":"https:\/\/toskani.com\/ch\/es\/wp-json\/wp\/v2\/product_tag?post=692"}],"curies":[{"name":"wp","href":"https:\/\/api.w.org\/{rel}","templated":true}]}}