{"id":689,"date":"2023-03-06T15:22:22","date_gmt":"2023-03-06T15:22:22","guid":{"rendered":"http:\/\/toskani.wearebrave.net\/?post_type=product&#038;p=689"},"modified":"2023-07-26T11:26:18","modified_gmt":"2023-07-26T11:26:18","slug":"antipollution-total-defense-cream","status":"publish","type":"product","link":"https:\/\/toskani.com\/ch\/es\/producto\/antipollution-total-defense-cream\/","title":{"rendered":"Antipollution Total Defense Cream"},"content":{"rendered":"<p>Crema de cuidado intensivo que protege la piel de las agresiones ambientales diarias responsables del envejecimiento prematuro. Contiene filtros que ofrecen una protecci\u00f3n completa frente a los rayos ultravioleta del sol y a la luz azul de las pantallas. Tambi\u00e9n protege la piel de la contaminaci\u00f3n y los radicales libres, y favorece los procesos de regeneraci\u00f3n celular.<span class=\"Apple-converted-space\">\u00a0<\/span><\/p>\n<p>El resultado es una piel hidratada, reparada y protegida.<span class=\"Apple-converted-space\">\u00a0<\/span><\/p>\n","protected":false},"excerpt":{"rendered":"<p>Crema de cuidado intensivo que protege la piel de las agresiones ambientales diarias responsables del envejecimiento prematuro. Contiene filtros que ofrecen una protecci\u00f3n completa frente a los rayos ultravioleta del [&hellip;]<\/p>\n","protected":false},"featured_media":690,"template":"","meta":[],"product_cat":[27,59,61],"product_tag":[],"class_list":["post-689","product","type-product","status-publish","has-post-thumbnail","hentry","product_cat-cremas","product_cat-facial","product_cat-proteccion"],"acf":[],"aioseo_notices":[],"_links":{"self":[{"href":"https:\/\/toskani.com\/ch\/es\/wp-json\/wp\/v2\/product\/689","targetHints":{"allow":["GET"]}}],"collection":[{"href":"https:\/\/toskani.com\/ch\/es\/wp-json\/wp\/v2\/product"}],"about":[{"href":"https:\/\/toskani.com\/ch\/es\/wp-json\/wp\/v2\/types\/product"}],"wp:featuredmedia":[{"embeddable":true,"href":"https:\/\/toskani.com\/ch\/es\/wp-json\/wp\/v2\/media\/690"}],"wp:attachment":[{"href":"https:\/\/toskani.com\/ch\/es\/wp-json\/wp\/v2\/media?parent=689"}],"wp:term":[{"taxonomy":"product_cat","embeddable":true,"href":"https:\/\/toskani.com\/ch\/es\/wp-json\/wp\/v2\/product_cat?post=689"},{"taxonomy":"product_tag","embeddable":true,"href":"https:\/\/toskani.com\/ch\/es\/wp-json\/wp\/v2\/product_tag?post=689"}],"curies":[{"name":"wp","href":"https:\/\/api.w.org\/{rel}","templated":true}]}}