{"id":3191,"date":"2023-09-05T14:59:34","date_gmt":"2023-09-05T14:59:34","guid":{"rendered":"https:\/\/toskani.com\/ch\/?post_type=product&#038;p=3191"},"modified":"2023-10-02T13:48:39","modified_gmt":"2023-10-02T13:48:39","slug":"myotec-eye-lif","status":"publish","type":"product","link":"https:\/\/toskani.com\/ch\/es\/producto\/myotec-eye-lif\/","title":{"rendered":"Myotec Eye Lift"},"content":{"rendered":"<p>Contorno de ojos que aborda de una manera global los problemas principales de la zona: arrugas de expresi\u00f3n, ojeras, disminuye bolsas y eleva el p\u00e1rpado. Aporta un fino film nutriente y aterciopelado sin dejar residuos ni sensaci\u00f3n de pegajosidad.<\/p>\n","protected":false},"excerpt":{"rendered":"<p>Contorno de ojos que aborda de una manera global los problemas principales de la zona: arrugas de expresi\u00f3n, ojeras, disminuye bolsas y eleva el p\u00e1rpado. Aporta un fino film nutriente [&hellip;]<\/p>\n","protected":false},"featured_media":3192,"template":"","meta":[],"product_cat":[53,62,59],"product_tag":[],"class_list":["post-3191","product","type-product","status-publish","has-post-thumbnail","hentry","product_cat-antiedad","product_cat-contorno-de-ojos","product_cat-facial"],"acf":[],"aioseo_notices":[],"_links":{"self":[{"href":"https:\/\/toskani.com\/ch\/es\/wp-json\/wp\/v2\/product\/3191","targetHints":{"allow":["GET"]}}],"collection":[{"href":"https:\/\/toskani.com\/ch\/es\/wp-json\/wp\/v2\/product"}],"about":[{"href":"https:\/\/toskani.com\/ch\/es\/wp-json\/wp\/v2\/types\/product"}],"wp:featuredmedia":[{"embeddable":true,"href":"https:\/\/toskani.com\/ch\/es\/wp-json\/wp\/v2\/media\/3192"}],"wp:attachment":[{"href":"https:\/\/toskani.com\/ch\/es\/wp-json\/wp\/v2\/media?parent=3191"}],"wp:term":[{"taxonomy":"product_cat","embeddable":true,"href":"https:\/\/toskani.com\/ch\/es\/wp-json\/wp\/v2\/product_cat?post=3191"},{"taxonomy":"product_tag","embeddable":true,"href":"https:\/\/toskani.com\/ch\/es\/wp-json\/wp\/v2\/product_tag?post=3191"}],"curies":[{"name":"wp","href":"https:\/\/api.w.org\/{rel}","templated":true}]}}