{"id":3186,"date":"2023-09-06T12:54:14","date_gmt":"2023-09-06T12:54:14","guid":{"rendered":"https:\/\/toskani.com\/ch\/?post_type=product&#038;p=3186"},"modified":"2025-08-02T14:49:28","modified_gmt":"2025-08-02T14:49:28","slug":"unique-pro-age-advanced-serum","status":"publish","type":"product","link":"https:\/\/toskani.com\/ch\/es\/producto\/unique-pro-age-advanced-serum\/","title":{"rendered":"Unique Pro Age Advanced Serum"},"content":{"rendered":"<p>Serum nutritivo de aplicaci\u00f3n diaria con una amplia variedad de activos antienvejecimiento centrados en cada uno de los problemas que m\u00e1s preocupan: firmeza, patas de gallo, arrugas marioneta, zona Y (\u00f3valo facial y cuello).<\/p>\n<p>Comprar:<br \/>\n<a href=\"https:\/\/www.med4skin.ch\/produkt\/unique-proage-serum\/\">TOSKANI Unique Pro Age Serum<\/a><\/p>\n","protected":false},"excerpt":{"rendered":"<p>Serum nutritivo de aplicaci\u00f3n diaria con una amplia variedad de activos antienvejecimiento centrados en cada uno de los problemas que m\u00e1s preocupan: firmeza, patas de gallo, arrugas marioneta, zona Y [&hellip;]<\/p>\n","protected":false},"featured_media":3187,"template":"","meta":[],"product_cat":[53,59,60],"product_tag":[],"class_list":["post-3186","product","type-product","status-publish","has-post-thumbnail","hentry","product_cat-antiedad","product_cat-facial","product_cat-serums"],"acf":[],"aioseo_notices":[],"_links":{"self":[{"href":"https:\/\/toskani.com\/ch\/es\/wp-json\/wp\/v2\/product\/3186","targetHints":{"allow":["GET"]}}],"collection":[{"href":"https:\/\/toskani.com\/ch\/es\/wp-json\/wp\/v2\/product"}],"about":[{"href":"https:\/\/toskani.com\/ch\/es\/wp-json\/wp\/v2\/types\/product"}],"wp:featuredmedia":[{"embeddable":true,"href":"https:\/\/toskani.com\/ch\/es\/wp-json\/wp\/v2\/media\/3187"}],"wp:attachment":[{"href":"https:\/\/toskani.com\/ch\/es\/wp-json\/wp\/v2\/media?parent=3186"}],"wp:term":[{"taxonomy":"product_cat","embeddable":true,"href":"https:\/\/toskani.com\/ch\/es\/wp-json\/wp\/v2\/product_cat?post=3186"},{"taxonomy":"product_tag","embeddable":true,"href":"https:\/\/toskani.com\/ch\/es\/wp-json\/wp\/v2\/product_tag?post=3186"}],"curies":[{"name":"wp","href":"https:\/\/api.w.org\/{rel}","templated":true}]}}