{"id":3181,"date":"2023-09-06T10:50:58","date_gmt":"2023-09-06T10:50:58","guid":{"rendered":"https:\/\/toskani.com\/ch\/?post_type=product&#038;p=3181"},"modified":"2023-09-15T06:44:58","modified_gmt":"2023-09-15T06:44:58","slug":"unique-pro-age-advanced-cream","status":"publish","type":"product","link":"https:\/\/toskani.com\/ch\/es\/producto\/unique-pro-age-advanced-cream\/","title":{"rendered":"Unique Pro Age Advanced Cream"},"content":{"rendered":"<p>Crema nutritiva de aplicaci\u00f3n diaria con una amplia variedad de activos antienvejecimiento centrados en cada uno de los problemas que m\u00e1s preocupan: firmeza, patas de gallo, arrugas marioneta, zona Y (\u00f3valo facial y cuello).<\/p>\n","protected":false},"excerpt":{"rendered":"<p>Crema nutritiva de aplicaci\u00f3n diaria con una amplia variedad de activos antienvejecimiento centrados en cada uno de los problemas que m\u00e1s preocupan: firmeza, patas de gallo, arrugas marioneta, zona Y [&hellip;]<\/p>\n","protected":false},"featured_media":3182,"template":"","meta":[],"product_cat":[53,27,59],"product_tag":[],"class_list":["post-3181","product","type-product","status-publish","has-post-thumbnail","hentry","product_cat-antiedad","product_cat-cremas","product_cat-facial"],"acf":[],"aioseo_notices":[],"_links":{"self":[{"href":"https:\/\/toskani.com\/ch\/es\/wp-json\/wp\/v2\/product\/3181","targetHints":{"allow":["GET"]}}],"collection":[{"href":"https:\/\/toskani.com\/ch\/es\/wp-json\/wp\/v2\/product"}],"about":[{"href":"https:\/\/toskani.com\/ch\/es\/wp-json\/wp\/v2\/types\/product"}],"wp:featuredmedia":[{"embeddable":true,"href":"https:\/\/toskani.com\/ch\/es\/wp-json\/wp\/v2\/media\/3182"}],"wp:attachment":[{"href":"https:\/\/toskani.com\/ch\/es\/wp-json\/wp\/v2\/media?parent=3181"}],"wp:term":[{"taxonomy":"product_cat","embeddable":true,"href":"https:\/\/toskani.com\/ch\/es\/wp-json\/wp\/v2\/product_cat?post=3181"},{"taxonomy":"product_tag","embeddable":true,"href":"https:\/\/toskani.com\/ch\/es\/wp-json\/wp\/v2\/product_tag?post=3181"}],"curies":[{"name":"wp","href":"https:\/\/api.w.org\/{rel}","templated":true}]}}