{"id":3154,"date":"2023-09-01T07:45:31","date_gmt":"2023-09-01T07:45:31","guid":{"rendered":"https:\/\/toskani.com\/ch\/?post_type=product&#038;p=3154"},"modified":"2023-09-15T06:45:40","modified_gmt":"2023-09-15T06:45:40","slug":"glacier-pro-age-advanced-cream","status":"publish","type":"product","link":"https:\/\/toskani.com\/ch\/es\/producto\/glacier-pro-age-advanced-cream\/","title":{"rendered":"Glacier Pro Age &#8211; Advanced Cream"},"content":{"rendered":"<p class=\"p1\">Crema ligera que aporta un acabado fresco durante la aplicaci\u00f3n y con una excelente extensibilidad y absorci\u00f3n. Ayuda a prevenir los primeros signos de la edad, aportando una m\u00e1xima hidrataci\u00f3n, iluminaci\u00f3n y reforzando la barrera cut\u00e1nea.<\/p>\n","protected":false},"excerpt":{"rendered":"<p>Crema ligera que aporta un acabado fresco durante la aplicaci\u00f3n y con una excelente extensibilidad y absorci\u00f3n. Ayuda a prevenir los primeros signos de la edad, aportando una m\u00e1xima hidrataci\u00f3n, [&hellip;]<\/p>\n","protected":false},"featured_media":3155,"template":"","meta":[],"product_cat":[53,27,59],"product_tag":[],"class_list":["post-3154","product","type-product","status-publish","has-post-thumbnail","hentry","product_cat-antiedad","product_cat-cremas","product_cat-facial"],"acf":[],"aioseo_notices":[],"_links":{"self":[{"href":"https:\/\/toskani.com\/ch\/es\/wp-json\/wp\/v2\/product\/3154","targetHints":{"allow":["GET"]}}],"collection":[{"href":"https:\/\/toskani.com\/ch\/es\/wp-json\/wp\/v2\/product"}],"about":[{"href":"https:\/\/toskani.com\/ch\/es\/wp-json\/wp\/v2\/types\/product"}],"wp:featuredmedia":[{"embeddable":true,"href":"https:\/\/toskani.com\/ch\/es\/wp-json\/wp\/v2\/media\/3155"}],"wp:attachment":[{"href":"https:\/\/toskani.com\/ch\/es\/wp-json\/wp\/v2\/media?parent=3154"}],"wp:term":[{"taxonomy":"product_cat","embeddable":true,"href":"https:\/\/toskani.com\/ch\/es\/wp-json\/wp\/v2\/product_cat?post=3154"},{"taxonomy":"product_tag","embeddable":true,"href":"https:\/\/toskani.com\/ch\/es\/wp-json\/wp\/v2\/product_tag?post=3154"}],"curies":[{"name":"wp","href":"https:\/\/api.w.org\/{rel}","templated":true}]}}