{"id":2602,"date":"2023-06-21T11:03:42","date_gmt":"2023-06-21T11:03:42","guid":{"rendered":"http:\/\/toskani.wearebrave.net\/?post_type=product&#038;p=2602"},"modified":"2023-07-26T11:45:10","modified_gmt":"2023-07-26T11:45:10","slug":"mesojectgun","status":"publish","type":"product","link":"https:\/\/toskani.com\/ch\/es\/producto\/mesojectgun\/","title":{"rendered":"MESOJECTGUN"},"content":{"rendered":"<p class=\"p1\"><span class=\"s1\">Dispositivo para realizar tratamientos de terapia transd\u00e9rmica sin agujas.<\/span><\/p>\n<ul>\n<li class=\"p1\"><span class=\"s1\">Tecnolog\u00eda Pulse Booster: electroestimulaci\u00f3n + microabrasi\u00f3n.<\/span><\/li>\n<li class=\"p1\">T\u00e9cnica totalmente precisa e indolora, sin agujas.<\/li>\n<li class=\"p1\">Man\u00edpulo ligero y f\u00e1cil de utilizar.<\/li>\n<li class=\"p1\">Amplia gama de tratamientos: rostro, cuerpo y capilar.<\/li>\n<\/ul>\n<p class=\"p1\"><strong><span class=\"s1\">Tecnolog\u00eda Pulse Booster: <\/span><\/strong><span class=\"s1\">La innovadora tecnolog\u00eda Pulse Booster trabaja combinando la electroestimulaci\u00f3n cut\u00e1nea y la microabrasi\u00f3n consiguiendo una vehiculaci\u00f3n de activos de mesoterapia de forma precisa y segura.<\/span><\/p>\n<p class=\"p1\"><strong><span class=\"s1\">Electroestimulaci\u00f3n cut\u00e1nea: <\/span><\/strong><span class=\"s1\">Entrada no invasiva de principios activos mediante ondas cuadradas perfectas a una baja frecuencia y bajo voltaje.<\/span><\/p>\n<p class=\"p1\"><strong><span class=\"s1\">Microabrasi\u00f3n: <\/span><\/strong><span class=\"s1\">Gracias a las microprotuberancias en los cabezales conseguimos un raspado superficial de la capa c\u00f3rnea para favorecer la entrada de los principios activos y una distribuci\u00f3n uniforme del voltaje aplicado.<\/span><\/p>\n","protected":false},"excerpt":{"rendered":"<p>Dispositivo para realizar tratamientos de terapia transd\u00e9rmica sin agujas. Tecnolog\u00eda Pulse Booster: electroestimulaci\u00f3n + microabrasi\u00f3n. T\u00e9cnica totalmente precisa e indolora, sin agujas. Man\u00edpulo ligero y f\u00e1cil de utilizar. Amplia gama [&hellip;]<\/p>\n","protected":false},"featured_media":2637,"template":"","meta":[],"product_cat":[65,54,72,59],"product_tag":[],"class_list":["post-2602","product","type-product","status-publish","has-post-thumbnail","hentry","product_cat-capilar","product_cat-corporal","product_cat-dispositivo","product_cat-facial"],"acf":[],"aioseo_notices":[],"_links":{"self":[{"href":"https:\/\/toskani.com\/ch\/es\/wp-json\/wp\/v2\/product\/2602","targetHints":{"allow":["GET"]}}],"collection":[{"href":"https:\/\/toskani.com\/ch\/es\/wp-json\/wp\/v2\/product"}],"about":[{"href":"https:\/\/toskani.com\/ch\/es\/wp-json\/wp\/v2\/types\/product"}],"wp:featuredmedia":[{"embeddable":true,"href":"https:\/\/toskani.com\/ch\/es\/wp-json\/wp\/v2\/media\/2637"}],"wp:attachment":[{"href":"https:\/\/toskani.com\/ch\/es\/wp-json\/wp\/v2\/media?parent=2602"}],"wp:term":[{"taxonomy":"product_cat","embeddable":true,"href":"https:\/\/toskani.com\/ch\/es\/wp-json\/wp\/v2\/product_cat?post=2602"},{"taxonomy":"product_tag","embeddable":true,"href":"https:\/\/toskani.com\/ch\/es\/wp-json\/wp\/v2\/product_tag?post=2602"}],"curies":[{"name":"wp","href":"https:\/\/api.w.org\/{rel}","templated":true}]}}