{"id":1033,"date":"2023-05-17T12:18:23","date_gmt":"2023-05-17T12:18:23","guid":{"rendered":"http:\/\/toskani.wearebrave.net\/?post_type=product&#038;p=1033"},"modified":"2023-07-26T11:53:32","modified_gmt":"2023-07-26T11:53:32","slug":"salicor","status":"publish","type":"product","link":"https:\/\/toskani.com\/ch\/es\/producto\/salicor\/","title":{"rendered":"Silicor"},"content":{"rendered":"<p>Ampollas monodosis a base de silicio org\u00e1nico que para el tratamiento de los signos de envejecimiento en la piel. El silicio org\u00e1nico favorece la producci\u00f3n de col\u00e1geno y elastina, aporta hidrataci\u00f3n y mejora la firmeza de la piel., lo que proporciona un aspecto m\u00e1s joven y fresco.<span class=\"Apple-converted-space\">\u00a0<\/span><\/p>\n<p>El pack contiene 20 ampollas de 5 ml.<span class=\"Apple-converted-space\">\u00a0<\/span><\/p>\n","protected":false},"excerpt":{"rendered":"<p>Ampollas monodosis a base de silicio org\u00e1nico que para el tratamiento de los signos de envejecimiento en la piel. El silicio org\u00e1nico favorece la producci\u00f3n de col\u00e1geno y elastina, aporta [&hellip;]<\/p>\n","protected":false},"featured_media":1034,"template":"","meta":[],"product_cat":[29,53,59],"product_tag":[],"class_list":["post-1033","product","type-product","status-publish","has-post-thumbnail","hentry","product_cat-ampollas","product_cat-antiedad","product_cat-facial"],"acf":[],"aioseo_notices":[],"_links":{"self":[{"href":"https:\/\/toskani.com\/ch\/es\/wp-json\/wp\/v2\/product\/1033","targetHints":{"allow":["GET"]}}],"collection":[{"href":"https:\/\/toskani.com\/ch\/es\/wp-json\/wp\/v2\/product"}],"about":[{"href":"https:\/\/toskani.com\/ch\/es\/wp-json\/wp\/v2\/types\/product"}],"wp:featuredmedia":[{"embeddable":true,"href":"https:\/\/toskani.com\/ch\/es\/wp-json\/wp\/v2\/media\/1034"}],"wp:attachment":[{"href":"https:\/\/toskani.com\/ch\/es\/wp-json\/wp\/v2\/media?parent=1033"}],"wp:term":[{"taxonomy":"product_cat","embeddable":true,"href":"https:\/\/toskani.com\/ch\/es\/wp-json\/wp\/v2\/product_cat?post=1033"},{"taxonomy":"product_tag","embeddable":true,"href":"https:\/\/toskani.com\/ch\/es\/wp-json\/wp\/v2\/product_tag?post=1033"}],"curies":[{"name":"wp","href":"https:\/\/api.w.org\/{rel}","templated":true}]}}