{"id":1025,"date":"2023-05-17T12:07:56","date_gmt":"2023-05-17T12:07:56","guid":{"rendered":"http:\/\/toskani.wearebrave.net\/?post_type=product&#038;p=1025"},"modified":"2023-07-26T11:48:09","modified_gmt":"2023-07-26T11:48:09","slug":"pirastinol","status":"publish","type":"product","link":"https:\/\/toskani.com\/ch\/es\/producto\/pirastinol\/","title":{"rendered":"Pirastinol"},"content":{"rendered":"<p>Ampollas monodosis a base de \u00e1cido pir\u00favico de efecto tensor en pieles envejecidas, , que estimula la s\u00edntesis de col\u00e1geno, la respiraci\u00f3n celular y la actividad de los fibroblastos.<span class=\"Apple-converted-space\">\u00a0<\/span><\/p>\n<p>El pack contiene 20 ampollas de 2 ml.<span class=\"Apple-converted-space\">\u00a0<\/span><\/p>\n","protected":false},"excerpt":{"rendered":"<p>Ampollas monodosis a base de \u00e1cido pir\u00favico de efecto tensor en pieles envejecidas, , que estimula la s\u00edntesis de col\u00e1geno, la respiraci\u00f3n celular y la actividad de los fibroblastos.\u00a0 El [&hellip;]<\/p>\n","protected":false},"featured_media":1026,"template":"","meta":[],"product_cat":[29,54],"product_tag":[],"class_list":["post-1025","product","type-product","status-publish","has-post-thumbnail","hentry","product_cat-ampollas","product_cat-corporal"],"acf":[],"aioseo_notices":[],"_links":{"self":[{"href":"https:\/\/toskani.com\/ch\/es\/wp-json\/wp\/v2\/product\/1025","targetHints":{"allow":["GET"]}}],"collection":[{"href":"https:\/\/toskani.com\/ch\/es\/wp-json\/wp\/v2\/product"}],"about":[{"href":"https:\/\/toskani.com\/ch\/es\/wp-json\/wp\/v2\/types\/product"}],"wp:featuredmedia":[{"embeddable":true,"href":"https:\/\/toskani.com\/ch\/es\/wp-json\/wp\/v2\/media\/1026"}],"wp:attachment":[{"href":"https:\/\/toskani.com\/ch\/es\/wp-json\/wp\/v2\/media?parent=1025"}],"wp:term":[{"taxonomy":"product_cat","embeddable":true,"href":"https:\/\/toskani.com\/ch\/es\/wp-json\/wp\/v2\/product_cat?post=1025"},{"taxonomy":"product_tag","embeddable":true,"href":"https:\/\/toskani.com\/ch\/es\/wp-json\/wp\/v2\/product_tag?post=1025"}],"curies":[{"name":"wp","href":"https:\/\/api.w.org\/{rel}","templated":true}]}}