{"id":1022,"date":"2023-05-17T12:06:19","date_gmt":"2023-05-17T12:06:19","guid":{"rendered":"http:\/\/toskani.wearebrave.net\/?post_type=product&#038;p=1022"},"modified":"2023-07-26T11:47:43","modified_gmt":"2023-07-26T11:47:43","slug":"phosphocol","status":"publish","type":"product","link":"https:\/\/toskani.com\/ch\/es\/producto\/phosphocol\/","title":{"rendered":"Phosphocol"},"content":{"rendered":"<p>Ampollas monodosis de efecto reductor y modelante para aplicar en zonas localizadas. Su composici\u00f3n soluci\u00f3n a base de fosfatidilcolina y sodio desoxicolato. Es una soluci\u00f3n muy efectiva especialmente en zonas como espalda, brazos, abdomen o cartucheras.<span class=\"Apple-converted-space\">\u00a0<\/span><\/p>\n<p>El pack contiene 20 ampollas de 5 ml.<span class=\"Apple-converted-space\">\u00a0<\/span><\/p>\n","protected":false},"excerpt":{"rendered":"<p>Ampollas monodosis de efecto reductor y modelante para aplicar en zonas localizadas. Su composici\u00f3n soluci\u00f3n a base de fosfatidilcolina y sodio desoxicolato. Es una soluci\u00f3n muy efectiva especialmente en zonas [&hellip;]<\/p>\n","protected":false},"featured_media":1023,"template":"","meta":[],"product_cat":[29,54],"product_tag":[],"class_list":["post-1022","product","type-product","status-publish","has-post-thumbnail","hentry","product_cat-ampollas","product_cat-corporal"],"acf":[],"aioseo_notices":[],"_links":{"self":[{"href":"https:\/\/toskani.com\/ch\/es\/wp-json\/wp\/v2\/product\/1022","targetHints":{"allow":["GET"]}}],"collection":[{"href":"https:\/\/toskani.com\/ch\/es\/wp-json\/wp\/v2\/product"}],"about":[{"href":"https:\/\/toskani.com\/ch\/es\/wp-json\/wp\/v2\/types\/product"}],"wp:featuredmedia":[{"embeddable":true,"href":"https:\/\/toskani.com\/ch\/es\/wp-json\/wp\/v2\/media\/1023"}],"wp:attachment":[{"href":"https:\/\/toskani.com\/ch\/es\/wp-json\/wp\/v2\/media?parent=1022"}],"wp:term":[{"taxonomy":"product_cat","embeddable":true,"href":"https:\/\/toskani.com\/ch\/es\/wp-json\/wp\/v2\/product_cat?post=1022"},{"taxonomy":"product_tag","embeddable":true,"href":"https:\/\/toskani.com\/ch\/es\/wp-json\/wp\/v2\/product_tag?post=1022"}],"curies":[{"name":"wp","href":"https:\/\/api.w.org\/{rel}","templated":true}]}}