{"id":1019,"date":"2023-05-17T12:04:42","date_gmt":"2023-05-17T12:04:42","guid":{"rendered":"http:\/\/toskani.wearebrave.net\/?post_type=product&#038;p=1019"},"modified":"2023-07-26T11:46:02","modified_gmt":"2023-07-26T11:46:02","slug":"myotec","status":"publish","type":"product","link":"https:\/\/toskani.com\/ch\/es\/producto\/myotec\/","title":{"rendered":"Myotec"},"content":{"rendered":"<p>Ampollas monodosis base de acetil hexap\u00e9ptido-8, con efecto tensor, corrector de arrugas finas y l\u00edneas de expresi\u00f3n, especialmente en la frente, y alrededor de ojos y labios.<span class=\"Apple-converted-space\">\u00a0<\/span><\/p>\n<p>El pack contiene 20 ampollas de 2 ml.<span class=\"Apple-converted-space\">\u00a0<\/span><\/p>\n","protected":false},"excerpt":{"rendered":"<p>Ampollas monodosis base de acetil hexap\u00e9ptido-8, con efecto tensor, corrector de arrugas finas y l\u00edneas de expresi\u00f3n, especialmente en la frente, y alrededor de ojos y labios.\u00a0 El pack contiene [&hellip;]<\/p>\n","protected":false},"featured_media":1020,"template":"","meta":[],"product_cat":[29,53,59],"product_tag":[],"class_list":["post-1019","product","type-product","status-publish","has-post-thumbnail","hentry","product_cat-ampollas","product_cat-antiedad","product_cat-facial"],"acf":[],"aioseo_notices":[],"_links":{"self":[{"href":"https:\/\/toskani.com\/ch\/es\/wp-json\/wp\/v2\/product\/1019","targetHints":{"allow":["GET"]}}],"collection":[{"href":"https:\/\/toskani.com\/ch\/es\/wp-json\/wp\/v2\/product"}],"about":[{"href":"https:\/\/toskani.com\/ch\/es\/wp-json\/wp\/v2\/types\/product"}],"wp:featuredmedia":[{"embeddable":true,"href":"https:\/\/toskani.com\/ch\/es\/wp-json\/wp\/v2\/media\/1020"}],"wp:attachment":[{"href":"https:\/\/toskani.com\/ch\/es\/wp-json\/wp\/v2\/media?parent=1019"}],"wp:term":[{"taxonomy":"product_cat","embeddable":true,"href":"https:\/\/toskani.com\/ch\/es\/wp-json\/wp\/v2\/product_cat?post=1019"},{"taxonomy":"product_tag","embeddable":true,"href":"https:\/\/toskani.com\/ch\/es\/wp-json\/wp\/v2\/product_tag?post=1019"}],"curies":[{"name":"wp","href":"https:\/\/api.w.org\/{rel}","templated":true}]}}