{"id":1015,"date":"2023-05-17T12:01:28","date_gmt":"2023-05-17T12:01:28","guid":{"rendered":"http:\/\/toskani.wearebrave.net\/?post_type=product&#038;p=1015"},"modified":"2023-07-26T11:43:54","modified_gmt":"2023-07-26T11:43:54","slug":"lumicen-gel","status":"publish","type":"product","link":"https:\/\/toskani.com\/ch\/es\/producto\/lumicen-gel\/","title":{"rendered":"Lumicen Gel"},"content":{"rendered":"<p>Soluci\u00f3n hidratante,\u00a0a base de ADN s\u00f3dico altamente polimerizado. Con efecto antioxidante. <span class=\"Apple-converted-space\">\u00a0<\/span><\/p>\n<p>El ADN s\u00f3dico aumenta la s\u00edntesis de \u00e1cido hialur\u00f3nico end\u00f3geno y combate la degradaci\u00f3n del col\u00e1geno causada por el sol, el tabaco y el estr\u00e9s oxidativo. El resultado es una piel regenerada, hidratada y el\u00e1stica<\/p>\n","protected":false},"excerpt":{"rendered":"<p>Soluci\u00f3n hidratante,\u00a0a base de ADN s\u00f3dico altamente polimerizado. Con efecto antioxidante. \u00a0 El ADN s\u00f3dico aumenta la s\u00edntesis de \u00e1cido hialur\u00f3nico end\u00f3geno y combate la degradaci\u00f3n del col\u00e1geno causada por [&hellip;]<\/p>\n","protected":false},"featured_media":1074,"template":"","meta":[],"product_cat":[29,53,59],"product_tag":[],"class_list":["post-1015","product","type-product","status-publish","has-post-thumbnail","hentry","product_cat-ampollas","product_cat-antiedad","product_cat-facial"],"acf":[],"aioseo_notices":[],"_links":{"self":[{"href":"https:\/\/toskani.com\/ch\/es\/wp-json\/wp\/v2\/product\/1015","targetHints":{"allow":["GET"]}}],"collection":[{"href":"https:\/\/toskani.com\/ch\/es\/wp-json\/wp\/v2\/product"}],"about":[{"href":"https:\/\/toskani.com\/ch\/es\/wp-json\/wp\/v2\/types\/product"}],"wp:featuredmedia":[{"embeddable":true,"href":"https:\/\/toskani.com\/ch\/es\/wp-json\/wp\/v2\/media\/1074"}],"wp:attachment":[{"href":"https:\/\/toskani.com\/ch\/es\/wp-json\/wp\/v2\/media?parent=1015"}],"wp:term":[{"taxonomy":"product_cat","embeddable":true,"href":"https:\/\/toskani.com\/ch\/es\/wp-json\/wp\/v2\/product_cat?post=1015"},{"taxonomy":"product_tag","embeddable":true,"href":"https:\/\/toskani.com\/ch\/es\/wp-json\/wp\/v2\/product_tag?post=1015"}],"curies":[{"name":"wp","href":"https:\/\/api.w.org\/{rel}","templated":true}]}}